{"id":1959,"date":"2021-01-25T15:59:29","date_gmt":"2021-01-25T14:59:29","guid":{"rendered":"https:\/\/alintech-cme.com\/cme\/domaines-dapplication\/"},"modified":"2021-01-29T10:38:36","modified_gmt":"2021-01-29T09:38:36","slug":"domaines-dapplication","status":"publish","type":"page","link":"https:\/\/www.alintech-cme.com\/fr\/cme\/domaines-dapplication\/","title":{"rendered":"DOMAINES D&rsquo;APPLICATION"},"content":{"rendered":"[vc_row type=\u00a0\u00bbfull_width_background\u00a0\u00bb full_screen_row_position=\u00a0\u00bbmiddle\u00a0\u00bb column_margin=\u00a0\u00bbdefault\u00a0\u00bb column_direction=\u00a0\u00bbdefault\u00a0\u00bb column_direction_tablet=\u00a0\u00bbdefault\u00a0\u00bb column_direction_phone=\u00a0\u00bbdefault\u00a0\u00bb scene_position=\u00a0\u00bbcenter\u00a0\u00bb top_padding=\u00a0\u00bb2%\u00a0\u00bb text_color=\u00a0\u00bbdark\u00a0\u00bb text_align=\u00a0\u00bbleft\u00a0\u00bb row_border_radius=\u00a0\u00bbnone\u00a0\u00bb row_border_radius_applies=\u00a0\u00bbbg\u00a0\u00bb overlay_strength=\u00a0\u00bb0.3&Prime; gradient_direction=\u00a0\u00bbleft_to_right\u00a0\u00bb shape_divider_position=\u00a0\u00bbbottom\u00a0\u00bb bg_image_animation=\u00a0\u00bbnone\u00a0\u00bb shape_type=\u00a0\u00bb\u00a0\u00bb][vc_column column_padding=\u00a0\u00bbno-extra-padding\u00a0\u00bb column_padding_tablet=\u00a0\u00bbinherit\u00a0\u00bb column_padding_phone=\u00a0\u00bbinherit\u00a0\u00bb column_padding_position=\u00a0\u00bball\u00a0\u00bb background_color_opacity=\u00a0\u00bb1&Prime; background_hover_color_opacity=\u00a0\u00bb1&Prime; column_shadow=\u00a0\u00bbnone\u00a0\u00bb column_border_radius=\u00a0\u00bbnone\u00a0\u00bb column_link_target=\u00a0\u00bb_self\u00a0\u00bb gradient_direction=\u00a0\u00bbleft_to_right\u00a0\u00bb overlay_strength=\u00a0\u00bb0.3&Prime; width=\u00a0\u00bb1\/1&Prime; tablet_width_inherit=\u00a0\u00bbdefault\u00a0\u00bb tablet_text_alignment=\u00a0\u00bbdefault\u00a0\u00bb phone_text_alignment=\u00a0\u00bbdefault\u00a0\u00bb column_border_width=\u00a0\u00bbnone\u00a0\u00bb column_border_style=\u00a0\u00bbsolid\u00a0\u00bb bg_image_animation=\u00a0\u00bbnone\u00a0\u00bb][vc_column_text]\n<h3>Division CME<\/h3>\n[\/vc_column_text][nectar_animated_title heading_tag=\u00a0\u00bbh5&Prime; style=\u00a0\u00bbcolor-strip-reveal\u00a0\u00bb color=\u00a0\u00bbAccent-Color\u00a0\u00bb text=\u00a0\u00bbDepuis 1969 Costruction des moteurs \u00e9lectriques\u00a0\u00bb][divider line_type=\u00a0\u00bbFull Width Line\u00a0\u00bb line_thickness=\u00a0\u00bb1&Prime; divider_color=\u00a0\u00bbaccent-color\u00a0\u00bb custom_height=\u00a0\u00bb40&Prime;][\/vc_column][\/vc_row][vc_row type=\u00a0\u00bbin_container\u00a0\u00bb full_screen_row_position=\u00a0\u00bbmiddle\u00a0\u00bb column_margin=\u00a0\u00bbdefault\u00a0\u00bb column_direction=\u00a0\u00bbdefault\u00a0\u00bb column_direction_tablet=\u00a0\u00bbdefault\u00a0\u00bb column_direction_phone=\u00a0\u00bbdefault\u00a0\u00bb scene_position=\u00a0\u00bbcenter\u00a0\u00bb text_color=\u00a0\u00bbdark\u00a0\u00bb text_align=\u00a0\u00bbleft\u00a0\u00bb row_border_radius=\u00a0\u00bbnone\u00a0\u00bb row_border_radius_applies=\u00a0\u00bbbg\u00a0\u00bb overlay_strength=\u00a0\u00bb0.3&Prime; gradient_direction=\u00a0\u00bbleft_to_right\u00a0\u00bb shape_divider_position=\u00a0\u00bbbottom\u00a0\u00bb bg_image_animation=\u00a0\u00bbnone\u00a0\u00bb shape_type=\u00a0\u00bb\u00a0\u00bb][vc_column column_padding=\u00a0\u00bbno-extra-padding\u00a0\u00bb column_padding_tablet=\u00a0\u00bbinherit\u00a0\u00bb column_padding_phone=\u00a0\u00bbinherit\u00a0\u00bb column_padding_position=\u00a0\u00bball\u00a0\u00bb background_color_opacity=\u00a0\u00bb1&Prime; background_hover_color_opacity=\u00a0\u00bb1&Prime; column_shadow=\u00a0\u00bbnone\u00a0\u00bb column_border_radius=\u00a0\u00bbnone\u00a0\u00bb column_link_target=\u00a0\u00bb_self\u00a0\u00bb gradient_direction=\u00a0\u00bbleft_to_right\u00a0\u00bb overlay_strength=\u00a0\u00bb0.3&Prime; width=\u00a0\u00bb1\/1&Prime; tablet_width_inherit=\u00a0\u00bbdefault\u00a0\u00bb tablet_text_alignment=\u00a0\u00bbdefault\u00a0\u00bb phone_text_alignment=\u00a0\u00bbdefault\u00a0\u00bb column_border_width=\u00a0\u00bbnone\u00a0\u00bb column_border_style=\u00a0\u00bbsolid\u00a0\u00bb bg_image_animation=\u00a0\u00bbnone\u00a0\u00bb][split_line_heading animation_type=\u00a0\u00bbline-reveal-by-space\u00a0\u00bb font_style=\u00a0\u00bbh2&Prime; text_color=\u00a0\u00bb#0c4c8e\u00a0\u00bb text_content=\u00a0\u00bbDomaines d&rsquo;application\u00a0\u00bb font_size=\u00a0\u00bb40&Prime;][\/split_line_heading][vc_row_inner column_margin=\u00a0\u00bbdefault\u00a0\u00bb column_direction=\u00a0\u00bbdefault\u00a0\u00bb column_direction_tablet=\u00a0\u00bbdefault\u00a0\u00bb column_direction_phone=\u00a0\u00bbdefault\u00a0\u00bb text_align=\u00a0\u00bbleft\u00a0\u00bb][vc_column_inner column_padding=\u00a0\u00bbno-extra-padding\u00a0\u00bb column_padding_tablet=\u00a0\u00bbinherit\u00a0\u00bb column_padding_phone=\u00a0\u00bbinherit\u00a0\u00bb column_padding_position=\u00a0\u00bball\u00a0\u00bb background_color_opacity=\u00a0\u00bb1&Prime; background_hover_color_opacity=\u00a0\u00bb1&Prime; column_shadow=\u00a0\u00bbnone\u00a0\u00bb column_border_radius=\u00a0\u00bbnone\u00a0\u00bb column_link_target=\u00a0\u00bb_self\u00a0\u00bb gradient_direction=\u00a0\u00bbleft_to_right\u00a0\u00bb overlay_strength=\u00a0\u00bb0.3&Prime; width=\u00a0\u00bb1\/2&Prime; tablet_width_inherit=\u00a0\u00bbdefault\u00a0\u00bb column_border_width=\u00a0\u00bbnone\u00a0\u00bb column_border_style=\u00a0\u00bbsolid\u00a0\u00bb bg_image_animation=\u00a0\u00bbnone\u00a0\u00bb][vc_column_text]\n<p class=\"p1\">La plupart des nos <span class=\"Apple-converted-space\">\u00a0<\/span>moteurs \u00e9lectriques est employ\u00e9 dans le fonctionnent et\/ou la motorisation des ouvertures automatis\u00e9es surtout dans le secteur de l&rsquo;automatisation domestique.<\/p>\n[\/vc_column_text][\/vc_column_inner][vc_column_inner column_padding=\u00a0\u00bbno-extra-padding\u00a0\u00bb column_padding_tablet=\u00a0\u00bbinherit\u00a0\u00bb column_padding_phone=\u00a0\u00bbinherit\u00a0\u00bb column_padding_position=\u00a0\u00bball\u00a0\u00bb background_color_opacity=\u00a0\u00bb1&Prime; background_hover_color_opacity=\u00a0\u00bb1&Prime; column_shadow=\u00a0\u00bbnone\u00a0\u00bb column_border_radius=\u00a0\u00bbnone\u00a0\u00bb column_link_target=\u00a0\u00bb_self\u00a0\u00bb gradient_direction=\u00a0\u00bbleft_to_right\u00a0\u00bb overlay_strength=\u00a0\u00bb0.3&Prime; width=\u00a0\u00bb1\/2&Prime; tablet_width_inherit=\u00a0\u00bbdefault\u00a0\u00bb column_border_width=\u00a0\u00bbnone\u00a0\u00bb column_border_style=\u00a0\u00bbsolid\u00a0\u00bb bg_image_animation=\u00a0\u00bbnone\u00a0\u00bb][vc_column_text]\n<p class=\"p1\">Parall\u00e8lement, on fournit aussi des moteurs complets et customis\u00e9s pour autres secteurs d&rsquo;application, par exemples, motovibrateurs \u00e9lectriques, graniteurs et petits \u00e9lectrodomestiques alimentaires, machines \u00e0 d\u00e9truire documents, ventilation et aspiration et similaires.<\/p>\n[\/vc_column_text][\/vc_column_inner][\/vc_row_inner][\/vc_column][\/vc_row][vc_row type=\u00a0\u00bbfull_width_content\u00a0\u00bb full_screen_row_position=\u00a0\u00bbmiddle\u00a0\u00bb column_margin=\u00a0\u00bbnone\u00a0\u00bb equal_height=\u00a0\u00bbyes\u00a0\u00bb content_placement=\u00a0\u00bbtop\u00a0\u00bb column_direction=\u00a0\u00bbdefault\u00a0\u00bb column_direction_tablet=\u00a0\u00bbdefault\u00a0\u00bb column_direction_phone=\u00a0\u00bbdefault\u00a0\u00bb full_height=\u00a0\u00bbyes\u00a0\u00bb columns_placement=\u00a0\u00bbtop\u00a0\u00bb scene_position=\u00a0\u00bbcenter\u00a0\u00bb text_color=\u00a0\u00bbdark\u00a0\u00bb text_align=\u00a0\u00bbleft\u00a0\u00bb row_border_radius=\u00a0\u00bbnone\u00a0\u00bb row_border_radius_applies=\u00a0\u00bbbg\u00a0\u00bb overlay_strength=\u00a0\u00bb0.3&Prime; gradient_direction=\u00a0\u00bbleft_to_right\u00a0\u00bb shape_divider_position=\u00a0\u00bbbottom\u00a0\u00bb bg_image_animation=\u00a0\u00bbnone\u00a0\u00bb shape_type=\u00a0\u00bb\u00a0\u00bb][vc_column column_padding=\u00a0\u00bbno-extra-padding\u00a0\u00bb column_padding_tablet=\u00a0\u00bbinherit\u00a0\u00bb column_padding_phone=\u00a0\u00bbinherit\u00a0\u00bb column_padding_position=\u00a0\u00bball\u00a0\u00bb centered_text=\u00a0\u00bbtrue\u00a0\u00bb background_color_opacity=\u00a0\u00bb1&Prime; background_hover_color_opacity=\u00a0\u00bb1&Prime; column_shadow=\u00a0\u00bbnone\u00a0\u00bb column_border_radius=\u00a0\u00bbnone\u00a0\u00bb column_link_target=\u00a0\u00bb_self\u00a0\u00bb gradient_direction=\u00a0\u00bbleft_to_right\u00a0\u00bb overlay_strength=\u00a0\u00bb0.3&Prime; width=\u00a0\u00bb1\/3&Prime; tablet_width_inherit=\u00a0\u00bbdefault\u00a0\u00bb tablet_text_alignment=\u00a0\u00bbdefault\u00a0\u00bb phone_text_alignment=\u00a0\u00bbdefault\u00a0\u00bb column_border_width=\u00a0\u00bbnone\u00a0\u00bb column_border_style=\u00a0\u00bbsolid\u00a0\u00bb bg_image_animation=\u00a0\u00bbnone\u00a0\u00bb enable_animation=\u00a0\u00bbtrue\u00a0\u00bb animation=\u00a0\u00bbreveal-from-right\u00a0\u00bb delay=\u00a0\u00bb300&Prime;][fancy_box box_style=\u00a0\u00bbparallax_hover\u00a0\u00bb icon_family=\u00a0\u00bbfontawesome\u00a0\u00bb image_url=\u00a0\u00bb872&Prime; parallax_hover_box_alignment=\u00a0\u00bbmiddle\u00a0\u00bb parallax_hover_box_overlay_opacity=\u00a0\u00bbdefault\u00a0\u00bb parallax_hover_box_overlay_opacity_hover=\u00a0\u00bbdefault\u00a0\u00bb border_radius=\u00a0\u00bbdefault\u00a0\u00bb image_loading=\u00a0\u00bbdefault\u00a0\u00bb color_scheme=\u00a0\u00bbdark\u00a0\u00bb secondary_content=\u00a0\u00bbhere&rsquo;s some awesome text that would only be shown on hover\u00a0\u00bb icon_fontawesome=\u00a0\u00bbfa fa-rss-square\u00a0\u00bb]\n<h3>Moteurs pour<br \/>\ndomotique<\/h3>\n[\/fancy_box][fancy_box box_style=\u00a0\u00bbparallax_hover\u00a0\u00bb icon_family=\u00a0\u00bbfontawesome\u00a0\u00bb image_url=\u00a0\u00bb888&Prime; parallax_hover_box_alignment=\u00a0\u00bbmiddle\u00a0\u00bb parallax_hover_box_overlay_opacity=\u00a0\u00bbdefault\u00a0\u00bb parallax_hover_box_overlay_opacity_hover=\u00a0\u00bbdefault\u00a0\u00bb border_radius=\u00a0\u00bbdefault\u00a0\u00bb image_loading=\u00a0\u00bbdefault\u00a0\u00bb color_scheme=\u00a0\u00bbdark\u00a0\u00bb secondary_content=\u00a0\u00bbhere&rsquo;s some awesome text that would only be shown on hover\u00a0\u00bb icon_fontawesome=\u00a0\u00bbfa fa-snowflake-o\u00a0\u00bb]\n<h3 class=\"p1\">Moteurs pour<br \/>\nmachines alimentaires<br \/>\net de la glace<\/h3>\n[\/fancy_box][\/vc_column][vc_column column_padding=\u00a0\u00bbno-extra-padding\u00a0\u00bb column_padding_tablet=\u00a0\u00bbinherit\u00a0\u00bb column_padding_phone=\u00a0\u00bbinherit\u00a0\u00bb column_padding_position=\u00a0\u00bball\u00a0\u00bb centered_text=\u00a0\u00bbtrue\u00a0\u00bb background_color_opacity=\u00a0\u00bb1&Prime; background_hover_color_opacity=\u00a0\u00bb1&Prime; column_shadow=\u00a0\u00bbnone\u00a0\u00bb column_border_radius=\u00a0\u00bbnone\u00a0\u00bb column_link_target=\u00a0\u00bb_self\u00a0\u00bb gradient_direction=\u00a0\u00bbleft_to_right\u00a0\u00bb overlay_strength=\u00a0\u00bb0.3&Prime; width=\u00a0\u00bb1\/3&Prime; tablet_width_inherit=\u00a0\u00bbdefault\u00a0\u00bb tablet_text_alignment=\u00a0\u00bbdefault\u00a0\u00bb phone_text_alignment=\u00a0\u00bbdefault\u00a0\u00bb column_border_width=\u00a0\u00bbnone\u00a0\u00bb column_border_style=\u00a0\u00bbsolid\u00a0\u00bb bg_image_animation=\u00a0\u00bbnone\u00a0\u00bb enable_animation=\u00a0\u00bbtrue\u00a0\u00bb animation=\u00a0\u00bbreveal-from-right\u00a0\u00bb delay=\u00a0\u00bb400&Prime;][fancy_box box_style=\u00a0\u00bbparallax_hover\u00a0\u00bb icon_family=\u00a0\u00bbfontawesome\u00a0\u00bb image_url=\u00a0\u00bb884&Prime; parallax_hover_box_alignment=\u00a0\u00bbmiddle\u00a0\u00bb parallax_hover_box_overlay_opacity=\u00a0\u00bb0.6&Prime; parallax_hover_box_overlay_opacity_hover=\u00a0\u00bb0.2&Prime; border_radius=\u00a0\u00bbdefault\u00a0\u00bb image_loading=\u00a0\u00bbdefault\u00a0\u00bb color_scheme=\u00a0\u00bbdark\u00a0\u00bb secondary_content=\u00a0\u00bbhere&rsquo;s some awesome text that would only be shown on hover\u00a0\u00bb icon_fontawesome=\u00a0\u00bbfa fa-rss\u00a0\u00bb]\n<h3 class=\"p1\">Moteurs pour building automation<\/h3>\n[\/fancy_box][fancy_box box_style=\u00a0\u00bbparallax_hover\u00a0\u00bb icon_family=\u00a0\u00bbfontawesome\u00a0\u00bb image_url=\u00a0\u00bb890&Prime; parallax_hover_box_alignment=\u00a0\u00bbmiddle\u00a0\u00bb parallax_hover_box_overlay_opacity=\u00a0\u00bb0.6&Prime; parallax_hover_box_overlay_opacity_hover=\u00a0\u00bb0.2&Prime; border_radius=\u00a0\u00bbdefault\u00a0\u00bb image_loading=\u00a0\u00bbdefault\u00a0\u00bb color_scheme=\u00a0\u00bbdark\u00a0\u00bb secondary_content=\u00a0\u00bbhere&rsquo;s some awesome text that would only be shown on hover\u00a0\u00bb icon_fontawesome=\u00a0\u00bbfa fa-archive\u00a0\u00bb]\n<h3 class=\"p1\">Moteurs pour machines de bureau et d\u00e9chiqueteuses<\/h3>\n[\/fancy_box][\/vc_column][vc_column column_padding=\u00a0\u00bbno-extra-padding\u00a0\u00bb column_padding_tablet=\u00a0\u00bbinherit\u00a0\u00bb column_padding_phone=\u00a0\u00bbinherit\u00a0\u00bb column_padding_position=\u00a0\u00bball\u00a0\u00bb centered_text=\u00a0\u00bbtrue\u00a0\u00bb background_color_opacity=\u00a0\u00bb1&Prime; background_hover_color_opacity=\u00a0\u00bb1&Prime; column_shadow=\u00a0\u00bbnone\u00a0\u00bb column_border_radius=\u00a0\u00bbnone\u00a0\u00bb column_link_target=\u00a0\u00bb_self\u00a0\u00bb gradient_direction=\u00a0\u00bbleft_to_right\u00a0\u00bb overlay_strength=\u00a0\u00bb0.3&Prime; width=\u00a0\u00bb1\/3&Prime; tablet_width_inherit=\u00a0\u00bbdefault\u00a0\u00bb tablet_text_alignment=\u00a0\u00bbdefault\u00a0\u00bb phone_text_alignment=\u00a0\u00bbdefault\u00a0\u00bb column_border_width=\u00a0\u00bbnone\u00a0\u00bb column_border_style=\u00a0\u00bbsolid\u00a0\u00bb bg_image_animation=\u00a0\u00bbnone\u00a0\u00bb enable_animation=\u00a0\u00bbtrue\u00a0\u00bb animation=\u00a0\u00bbreveal-from-right\u00a0\u00bb delay=\u00a0\u00bb500&Prime;][fancy_box box_style=\u00a0\u00bbparallax_hover\u00a0\u00bb icon_family=\u00a0\u00bbfontawesome\u00a0\u00bb image_url=\u00a0\u00bb886&Prime; parallax_hover_box_alignment=\u00a0\u00bbmiddle\u00a0\u00bb parallax_hover_box_overlay_opacity=\u00a0\u00bb0.6&Prime; parallax_hover_box_overlay_opacity_hover=\u00a0\u00bb0.2&Prime; border_radius=\u00a0\u00bbdefault\u00a0\u00bb image_loading=\u00a0\u00bbdefault\u00a0\u00bb color_scheme=\u00a0\u00bbdark\u00a0\u00bb secondary_content=\u00a0\u00bbhere&rsquo;s some awesome text that would only be shown on hover\u00a0\u00bb icon_fontawesome=\u00a0\u00bbfa fa-refresh\u00a0\u00bb]\n<h3 class=\"p1\">Moteurs pour la vibration des poudres et mortiers<\/h3>\n[\/fancy_box][fancy_box box_style=\u00a0\u00bbparallax_hover\u00a0\u00bb icon_family=\u00a0\u00bbfontawesome\u00a0\u00bb image_url=\u00a0\u00bb892&Prime; parallax_hover_box_alignment=\u00a0\u00bbmiddle\u00a0\u00bb parallax_hover_box_overlay_opacity=\u00a0\u00bb0.6&Prime; parallax_hover_box_overlay_opacity_hover=\u00a0\u00bb0.2&Prime; border_radius=\u00a0\u00bbdefault\u00a0\u00bb image_loading=\u00a0\u00bbdefault\u00a0\u00bb color_scheme=\u00a0\u00bbdark\u00a0\u00bb secondary_content=\u00a0\u00bbhere&rsquo;s some awesome text that would only be shown on hover\u00a0\u00bb icon_fontawesome=\u00a0\u00bbfa fa-superpowers\u00a0\u00bb]\n<h3 class=\"p1\">Moteurs pour l&rsquo;aspiration et la ventilation pour des applications r\u00e9sidentielles<\/h3>\n[\/fancy_box][\/vc_column][\/vc_row]\n","protected":false},"excerpt":{"rendered":"<p>[vc_row type=\u00a0\u00bbfull_width_background\u00a0\u00bb full_screen_row_position=\u00a0\u00bbmiddle\u00a0\u00bb column_margin=\u00a0\u00bbdefault\u00a0\u00bb column_direction=\u00a0\u00bbdefault\u00a0\u00bb column_direction_tablet=\u00a0\u00bbdefault\u00a0\u00bb column_direction_phone=\u00a0\u00bbdefault\u00a0\u00bb scene_position=\u00a0\u00bbcenter\u00a0\u00bb top_padding=\u00a0\u00bb2%\u00a0\u00bb text_color=\u00a0\u00bbdark\u00a0\u00bb text_align=\u00a0\u00bbleft\u00a0\u00bb row_border_radius=\u00a0\u00bbnone\u00a0\u00bb row_border_radius_applies=\u00a0\u00bbbg\u00a0\u00bb overlay_strength=\u00a0\u00bb0.3&Prime; gradient_direction=\u00a0\u00bbleft_to_right\u00a0\u00bb shape_divider_position=\u00a0\u00bbbottom\u00a0\u00bb bg_image_animation=\u00a0\u00bbnone\u00a0\u00bb shape_type=\u00a0\u00bb\u00a0\u00bb][vc_column column_padding=\u00a0\u00bbno-extra-padding\u00a0\u00bb column_padding_tablet=\u00a0\u00bbinherit\u00a0\u00bb column_padding_phone=\u00a0\u00bbinherit\u00a0\u00bb column_padding_position=\u00a0\u00bball\u00a0\u00bb background_color_opacity=\u00a0\u00bb1&Prime; background_hover_color_opacity=\u00a0\u00bb1&Prime; column_shadow=\u00a0\u00bbnone\u00a0\u00bb column_border_radius=\u00a0\u00bbnone\u00a0\u00bb column_link_target=\u00a0\u00bb_self\u00a0\u00bb gradient_direction=\u00a0\u00bbleft_to_right\u00a0\u00bb overlay_strength=\u00a0\u00bb0.3&Prime; width=\u00a0\u00bb1\/1&Prime;&#8230;<\/p>\n","protected":false},"author":2,"featured_media":0,"parent":1918,"menu_order":0,"comment_status":"closed","ping_status":"closed","template":"","meta":{"footnotes":""},"class_list":["post-1959","page","type-page","status-publish"],"yoast_head":"<!-- This site is optimized with the Yoast SEO plugin v27.2 - https:\/\/yoast.com\/product\/yoast-seo-wordpress\/ -->\n<title>DOMAINES D&#039;APPLICATION - ALINTECH - CME<\/title>\n<meta name=\"description\" content=\"La pluspart des nos moteurs \u00e9lectriques est employ\u00e9 dans le fonctionnent et\/ou la motorisation des ouvertures automatis\u00e9es surtout dans le secteur de l&#039;automatisation domestique.\" \/>\n<meta name=\"robots\" content=\"index, follow, max-snippet:-1, max-image-preview:large, max-video-preview:-1\" \/>\n<link rel=\"canonical\" href=\"https:\/\/www.alintech-cme.com\/fr\/cme\/domaines-dapplication\/\" \/>\n<meta property=\"og:locale\" content=\"fr_FR\" \/>\n<meta property=\"og:type\" content=\"article\" \/>\n<meta property=\"og:title\" content=\"DOMAINES D&#039;APPLICATION - ALINTECH - CME\" \/>\n<meta property=\"og:description\" content=\"La pluspart des nos moteurs \u00e9lectriques est employ\u00e9 dans le fonctionnent et\/ou la motorisation des ouvertures automatis\u00e9es surtout dans le secteur de l&#039;automatisation domestique.\" \/>\n<meta property=\"og:url\" content=\"https:\/\/www.alintech-cme.com\/fr\/cme\/domaines-dapplication\/\" \/>\n<meta property=\"og:site_name\" content=\"ALINTECH - CME\" \/>\n<meta property=\"article:modified_time\" content=\"2021-01-29T09:38:36+00:00\" \/>\n<meta name=\"twitter:card\" content=\"summary_large_image\" \/>\n<meta name=\"twitter:label1\" content=\"Dur\u00e9e de lecture estim\u00e9e\" \/>\n\t<meta name=\"twitter:data1\" content=\"2 minutes\" \/>\n<script type=\"application\/ld+json\" class=\"yoast-schema-graph\">{\"@context\":\"https:\/\/schema.org\",\"@graph\":[{\"@type\":\"WebPage\",\"@id\":\"https:\/\/www.alintech-cme.com\/fr\/cme\/domaines-dapplication\/\",\"url\":\"https:\/\/www.alintech-cme.com\/fr\/cme\/domaines-dapplication\/\",\"name\":\"DOMAINES D'APPLICATION - ALINTECH - CME\",\"isPartOf\":{\"@id\":\"https:\/\/www.alintech-cme.com\/fr\/#website\"},\"datePublished\":\"2021-01-25T14:59:29+00:00\",\"dateModified\":\"2021-01-29T09:38:36+00:00\",\"description\":\"La pluspart des nos moteurs \u00e9lectriques est employ\u00e9 dans le fonctionnent et\/ou la motorisation des ouvertures automatis\u00e9es surtout dans le secteur de l'automatisation domestique.\",\"breadcrumb\":{\"@id\":\"https:\/\/www.alintech-cme.com\/fr\/cme\/domaines-dapplication\/#breadcrumb\"},\"inLanguage\":\"fr-FR\",\"potentialAction\":[{\"@type\":\"ReadAction\",\"target\":[\"https:\/\/www.alintech-cme.com\/fr\/cme\/domaines-dapplication\/\"]}]},{\"@type\":\"BreadcrumbList\",\"@id\":\"https:\/\/www.alintech-cme.com\/fr\/cme\/domaines-dapplication\/#breadcrumb\",\"itemListElement\":[{\"@type\":\"ListItem\",\"position\":1,\"name\":\"Home\",\"item\":\"https:\/\/www.alintech-cme.com\/fr\/\"},{\"@type\":\"ListItem\",\"position\":2,\"name\":\"CME\",\"item\":\"https:\/\/www.alintech-cme.com\/fr\/cme\/\"},{\"@type\":\"ListItem\",\"position\":3,\"name\":\"DOMAINES D&rsquo;APPLICATION\"}]},{\"@type\":\"WebSite\",\"@id\":\"https:\/\/www.alintech-cme.com\/fr\/#website\",\"url\":\"https:\/\/www.alintech-cme.com\/fr\/\",\"name\":\"ALINTECH - CME\",\"description\":\"ALINTECH - lavorazioni meccaniche di precisione | CME - alberi per motori elettrici\",\"publisher\":{\"@id\":\"https:\/\/www.alintech-cme.com\/fr\/#organization\"},\"potentialAction\":[{\"@type\":\"SearchAction\",\"target\":{\"@type\":\"EntryPoint\",\"urlTemplate\":\"https:\/\/www.alintech-cme.com\/fr\/?s={search_term_string}\"},\"query-input\":{\"@type\":\"PropertyValueSpecification\",\"valueRequired\":true,\"valueName\":\"search_term_string\"}}],\"inLanguage\":\"fr-FR\"},{\"@type\":\"Organization\",\"@id\":\"https:\/\/www.alintech-cme.com\/fr\/#organization\",\"name\":\"ALINTECH CME\",\"url\":\"https:\/\/www.alintech-cme.com\/fr\/\",\"logo\":{\"@type\":\"ImageObject\",\"inLanguage\":\"fr-FR\",\"@id\":\"https:\/\/www.alintech-cme.com\/fr\/#\/schema\/logo\/image\/\",\"url\":\"https:\/\/alintech-cme.com\/wp-content\/uploads\/2020\/04\/Alintech-CME_logo_payoff.png\",\"contentUrl\":\"https:\/\/alintech-cme.com\/wp-content\/uploads\/2020\/04\/Alintech-CME_logo_payoff.png\",\"width\":200,\"height\":150,\"caption\":\"ALINTECH CME\"},\"image\":{\"@id\":\"https:\/\/www.alintech-cme.com\/fr\/#\/schema\/logo\/image\/\"},\"sameAs\":[\"https:\/\/www.linkedin.com\/company\/alintechcmesrl\/\"]}]}<\/script>\n<!-- \/ Yoast SEO plugin. -->","yoast_head_json":{"title":"DOMAINES D'APPLICATION - ALINTECH - CME","description":"La pluspart des nos moteurs \u00e9lectriques est employ\u00e9 dans le fonctionnent et\/ou la motorisation des ouvertures automatis\u00e9es surtout dans le secteur de l'automatisation domestique.","robots":{"index":"index","follow":"follow","max-snippet":"max-snippet:-1","max-image-preview":"max-image-preview:large","max-video-preview":"max-video-preview:-1"},"canonical":"https:\/\/www.alintech-cme.com\/fr\/cme\/domaines-dapplication\/","og_locale":"fr_FR","og_type":"article","og_title":"DOMAINES D'APPLICATION - ALINTECH - CME","og_description":"La pluspart des nos moteurs \u00e9lectriques est employ\u00e9 dans le fonctionnent et\/ou la motorisation des ouvertures automatis\u00e9es surtout dans le secteur de l'automatisation domestique.","og_url":"https:\/\/www.alintech-cme.com\/fr\/cme\/domaines-dapplication\/","og_site_name":"ALINTECH - CME","article_modified_time":"2021-01-29T09:38:36+00:00","twitter_card":"summary_large_image","twitter_misc":{"Dur\u00e9e de lecture estim\u00e9e":"2 minutes"},"schema":{"@context":"https:\/\/schema.org","@graph":[{"@type":"WebPage","@id":"https:\/\/www.alintech-cme.com\/fr\/cme\/domaines-dapplication\/","url":"https:\/\/www.alintech-cme.com\/fr\/cme\/domaines-dapplication\/","name":"DOMAINES D'APPLICATION - ALINTECH - CME","isPartOf":{"@id":"https:\/\/www.alintech-cme.com\/fr\/#website"},"datePublished":"2021-01-25T14:59:29+00:00","dateModified":"2021-01-29T09:38:36+00:00","description":"La pluspart des nos moteurs \u00e9lectriques est employ\u00e9 dans le fonctionnent et\/ou la motorisation des ouvertures automatis\u00e9es surtout dans le secteur de l'automatisation domestique.","breadcrumb":{"@id":"https:\/\/www.alintech-cme.com\/fr\/cme\/domaines-dapplication\/#breadcrumb"},"inLanguage":"fr-FR","potentialAction":[{"@type":"ReadAction","target":["https:\/\/www.alintech-cme.com\/fr\/cme\/domaines-dapplication\/"]}]},{"@type":"BreadcrumbList","@id":"https:\/\/www.alintech-cme.com\/fr\/cme\/domaines-dapplication\/#breadcrumb","itemListElement":[{"@type":"ListItem","position":1,"name":"Home","item":"https:\/\/www.alintech-cme.com\/fr\/"},{"@type":"ListItem","position":2,"name":"CME","item":"https:\/\/www.alintech-cme.com\/fr\/cme\/"},{"@type":"ListItem","position":3,"name":"DOMAINES D&rsquo;APPLICATION"}]},{"@type":"WebSite","@id":"https:\/\/www.alintech-cme.com\/fr\/#website","url":"https:\/\/www.alintech-cme.com\/fr\/","name":"ALINTECH - CME","description":"ALINTECH - lavorazioni meccaniche di precisione | CME - alberi per motori elettrici","publisher":{"@id":"https:\/\/www.alintech-cme.com\/fr\/#organization"},"potentialAction":[{"@type":"SearchAction","target":{"@type":"EntryPoint","urlTemplate":"https:\/\/www.alintech-cme.com\/fr\/?s={search_term_string}"},"query-input":{"@type":"PropertyValueSpecification","valueRequired":true,"valueName":"search_term_string"}}],"inLanguage":"fr-FR"},{"@type":"Organization","@id":"https:\/\/www.alintech-cme.com\/fr\/#organization","name":"ALINTECH CME","url":"https:\/\/www.alintech-cme.com\/fr\/","logo":{"@type":"ImageObject","inLanguage":"fr-FR","@id":"https:\/\/www.alintech-cme.com\/fr\/#\/schema\/logo\/image\/","url":"https:\/\/alintech-cme.com\/wp-content\/uploads\/2020\/04\/Alintech-CME_logo_payoff.png","contentUrl":"https:\/\/alintech-cme.com\/wp-content\/uploads\/2020\/04\/Alintech-CME_logo_payoff.png","width":200,"height":150,"caption":"ALINTECH CME"},"image":{"@id":"https:\/\/www.alintech-cme.com\/fr\/#\/schema\/logo\/image\/"},"sameAs":["https:\/\/www.linkedin.com\/company\/alintechcmesrl\/"]}]}},"_links":{"self":[{"href":"https:\/\/www.alintech-cme.com\/fr\/wp-json\/wp\/v2\/pages\/1959","targetHints":{"allow":["GET"]}}],"collection":[{"href":"https:\/\/www.alintech-cme.com\/fr\/wp-json\/wp\/v2\/pages"}],"about":[{"href":"https:\/\/www.alintech-cme.com\/fr\/wp-json\/wp\/v2\/types\/page"}],"author":[{"embeddable":true,"href":"https:\/\/www.alintech-cme.com\/fr\/wp-json\/wp\/v2\/users\/2"}],"replies":[{"embeddable":true,"href":"https:\/\/www.alintech-cme.com\/fr\/wp-json\/wp\/v2\/comments?post=1959"}],"version-history":[{"count":4,"href":"https:\/\/www.alintech-cme.com\/fr\/wp-json\/wp\/v2\/pages\/1959\/revisions"}],"predecessor-version":[{"id":2146,"href":"https:\/\/www.alintech-cme.com\/fr\/wp-json\/wp\/v2\/pages\/1959\/revisions\/2146"}],"up":[{"embeddable":true,"href":"https:\/\/www.alintech-cme.com\/fr\/wp-json\/wp\/v2\/pages\/1918"}],"wp:attachment":[{"href":"https:\/\/www.alintech-cme.com\/fr\/wp-json\/wp\/v2\/media?parent=1959"}],"curies":[{"name":"wp","href":"https:\/\/api.w.org\/{rel}","templated":true}]}}