{"id":1798,"date":"2021-01-22T17:21:35","date_gmt":"2021-01-22T16:21:35","guid":{"rendered":"https:\/\/alintech-cme.com\/home\/"},"modified":"2021-04-27T10:34:31","modified_gmt":"2021-04-27T08:34:31","slug":"home","status":"publish","type":"page","link":"https:\/\/www.alintech-cme.com\/fr\/","title":{"rendered":"Home"},"content":{"rendered":"[vc_row type=\u00a0\u00bbfull_width_background\u00a0\u00bb full_screen_row_position=\u00a0\u00bbmiddle\u00a0\u00bb column_margin=\u00a0\u00bbdefault\u00a0\u00bb column_direction=\u00a0\u00bbdefault\u00a0\u00bb column_direction_tablet=\u00a0\u00bbdefault\u00a0\u00bb column_direction_phone=\u00a0\u00bbdefault\u00a0\u00bb bg_color=\u00a0\u00bb#2276d6&Prime; scene_position=\u00a0\u00bbcenter\u00a0\u00bb text_color=\u00a0\u00bbdark\u00a0\u00bb text_align=\u00a0\u00bbleft\u00a0\u00bb row_border_radius=\u00a0\u00bbnone\u00a0\u00bb row_border_radius_applies=\u00a0\u00bbbg\u00a0\u00bb overlay_strength=\u00a0\u00bb0.3&Prime; gradient_direction=\u00a0\u00bbleft_to_right\u00a0\u00bb shape_divider_position=\u00a0\u00bbbottom\u00a0\u00bb bg_image_animation=\u00a0\u00bbnone\u00a0\u00bb shape_type=\u00a0\u00bb\u00a0\u00bb][vc_column column_padding=\u00a0\u00bbno-extra-padding\u00a0\u00bb column_padding_tablet=\u00a0\u00bbinherit\u00a0\u00bb column_padding_phone=\u00a0\u00bbinherit\u00a0\u00bb column_padding_position=\u00a0\u00bball\u00a0\u00bb column_element_spacing=\u00a0\u00bbdefault\u00a0\u00bb background_color_opacity=\u00a0\u00bb1&Prime; background_hover_color_opacity=\u00a0\u00bb1&Prime; column_shadow=\u00a0\u00bbnone\u00a0\u00bb column_border_radius=\u00a0\u00bbnone\u00a0\u00bb column_link_target=\u00a0\u00bb_self\u00a0\u00bb gradient_direction=\u00a0\u00bbleft_to_right\u00a0\u00bb overlay_strength=\u00a0\u00bb0.3&Prime; width=\u00a0\u00bb1\/1&Prime; tablet_width_inherit=\u00a0\u00bbdefault\u00a0\u00bb tablet_text_alignment=\u00a0\u00bbdefault\u00a0\u00bb phone_text_alignment=\u00a0\u00bbdefault\u00a0\u00bb bg_image_animation=\u00a0\u00bbnone\u00a0\u00bb border_type=\u00a0\u00bbsimple\u00a0\u00bb column_border_width=\u00a0\u00bbnone\u00a0\u00bb column_border_style=\u00a0\u00bbsolid\u00a0\u00bb][vc_column_text]\n\t\t\t\t<p class=\"rs-p-wp-fix\"><\/p>\n\t\t\t\t<sr7-module data-alias=\"ingresso-francese\" data-id=\"5\" id=\"SR7_5_1\" data-version=\"6.7.51\">\n\t\t\t\t\t<sr7-adjuster><\/sr7-adjuster>\n\t\t\t\t\t<sr7-content>\n\t\t\t\t\t\t<sr7-slide id=\"SR7_5_1-3\" data-key=\"3\">\n\t\t\t\t\t\t\t<sr7-txt id=\"SR7_5_1-3-6\" class=\"sr7-layer\">M\u00e9canique de precision<\/sr7-txt>\n\t\t\t\t\t\t\t<sr7-txt id=\"SR7_5_1-3-7\" class=\"sr7-layer\">Moteurs \u00e9lectriques<\/sr7-txt>\n\t\t\t\t\t\t\t<sr7-txt id=\"SR7_5_1-3-8\" class=\"sr7-layer\">Peter Drucker<\/sr7-txt>\n\t\t\t\t\t\t\t<sr7-txt id=\"SR7_5_1-3-9\" class=\"sr7-layer\">\u201cDerri\u00e8re chaque entreprise de succ\u00e8s il y a quelqu'un qui a pris une d\u00e9cision courageuse.\u201d<\/sr7-txt>\n\t\t\t\t\t\t\t<sr7-txt id=\"SR7_5_1-3-11\" class=\"sr7-layer\">\u201cDerri\u00e8re chaque entreprise de succ\u00e8s il y a quelqu'un qui a pris une d\u00e9cision courageuse.\u201d<\/sr7-txt>\n\t\t\t\t\t\t<\/sr7-slide>\n\t\t\t\t\t\t<sr7-slide id=\"SR7_5_1-8\" data-key=\"8\">\n\t\t\t\t\t\t<\/sr7-slide>\n\t\t\t\t\t<\/sr7-content>\n\t\t\t\t<\/sr7-module>\n\t\t\t\t<script>\n\t\t\t\t\twindow.SR7 ??={};SR7.PMH ??={}; SR7.PMH[\"SR7_5_1\"] = {cn:100,state:false,fn: function() { if (window._tpt!==undefined && window._tpt.prepareModuleHeight !== undefined) {  _tpt.prepareModuleHeight({id:\"SR7_5_1\",el:[860,767.986,960,727.986],type:'hero',shdw:'0',gh:[860,768,960,728],gw:[1290,1024,778,480],vpt:['-200px'],size:{fullWidth:true, fullHeight:false},mh:'0',onh:0,onw:0,bg:{color:'transparent'},plType:'0',plColor:'#ffffff'});   SR7.PMH[\"SR7_5_1\"].state=true;} else if(SR7.PMH[\"SR7_5_1\"].cn-->0)\tsetTimeout( SR7.PMH[\"SR7_5_1\"].fn,19);}};SR7.PMH[\"SR7_5_1\" ].fn();\n\t\t\t\t<\/script>\n[\/vc_column_text][vc_row_inner column_margin=\u00a0\u00bb20px\u00a0\u00bb column_direction=\u00a0\u00bbdefault\u00a0\u00bb column_direction_tablet=\u00a0\u00bbdefault\u00a0\u00bb column_direction_phone=\u00a0\u00bbdefault\u00a0\u00bb text_align=\u00a0\u00bbleft\u00a0\u00bb][vc_column_inner column_padding=\u00a0\u00bbno-extra-padding\u00a0\u00bb column_padding_tablet=\u00a0\u00bbinherit\u00a0\u00bb column_padding_phone=\u00a0\u00bbinherit\u00a0\u00bb column_padding_position=\u00a0\u00bball\u00a0\u00bb column_element_spacing=\u00a0\u00bbdefault\u00a0\u00bb background_color_opacity=\u00a0\u00bb1&Prime; background_hover_color_opacity=\u00a0\u00bb1&Prime; column_shadow=\u00a0\u00bbnone\u00a0\u00bb column_border_radius=\u00a0\u00bbnone\u00a0\u00bb column_link_target=\u00a0\u00bb_self\u00a0\u00bb gradient_direction=\u00a0\u00bbleft_to_right\u00a0\u00bb overlay_strength=\u00a0\u00bb0.3&Prime; width=\u00a0\u00bb1\/2&Prime; tablet_width_inherit=\u00a0\u00bbdefault\u00a0\u00bb bg_image_animation=\u00a0\u00bbnone\u00a0\u00bb border_type=\u00a0\u00bbsimple\u00a0\u00bb column_border_width=\u00a0\u00bbnone\u00a0\u00bb column_border_style=\u00a0\u00bbsolid\u00a0\u00bb][nectar_video_lightbox link_style=\u00a0\u00bbplay_button_mouse_follow\u00a0\u00bb image_url=\u00a0\u00bb1729&Prime; mouse_indicator_style=\u00a0\u00bbdefault\u00a0\u00bb video_url=\u00a0\u00bbhttps:\/\/youtu.be\/OqJHa9yN7SI\u00a0\u00bb][\/vc_column_inner][vc_column_inner column_padding=\u00a0\u00bbno-extra-padding\u00a0\u00bb column_padding_tablet=\u00a0\u00bbinherit\u00a0\u00bb column_padding_phone=\u00a0\u00bbinherit\u00a0\u00bb column_padding_position=\u00a0\u00bball\u00a0\u00bb column_element_spacing=\u00a0\u00bbdefault\u00a0\u00bb background_color_opacity=\u00a0\u00bb1&Prime; background_hover_color_opacity=\u00a0\u00bb1&Prime; column_shadow=\u00a0\u00bbnone\u00a0\u00bb column_border_radius=\u00a0\u00bbnone\u00a0\u00bb column_link_target=\u00a0\u00bb_self\u00a0\u00bb gradient_direction=\u00a0\u00bbleft_to_right\u00a0\u00bb overlay_strength=\u00a0\u00bb0.3&Prime; width=\u00a0\u00bb1\/2&Prime; tablet_width_inherit=\u00a0\u00bbdefault\u00a0\u00bb bg_image_animation=\u00a0\u00bbnone\u00a0\u00bb border_type=\u00a0\u00bbsimple\u00a0\u00bb column_border_width=\u00a0\u00bbnone\u00a0\u00bb column_border_style=\u00a0\u00bbsolid\u00a0\u00bb][nectar_video_lightbox link_style=\u00a0\u00bbplay_button_mouse_follow\u00a0\u00bb image_url=\u00a0\u00bb1735&Prime; mouse_indicator_style=\u00a0\u00bbdefault\u00a0\u00bb video_url=\u00a0\u00bbhttps:\/\/youtu.be\/Jv2fiEUI4-U\u00a0\u00bb][\/vc_column_inner][\/vc_row_inner][\/vc_column][\/vc_row]\n","protected":false},"excerpt":{"rendered":"<p>[vc_row type=\u00a0\u00bbfull_width_background\u00a0\u00bb full_screen_row_position=\u00a0\u00bbmiddle\u00a0\u00bb column_margin=\u00a0\u00bbdefault\u00a0\u00bb column_direction=\u00a0\u00bbdefault\u00a0\u00bb column_direction_tablet=\u00a0\u00bbdefault\u00a0\u00bb column_direction_phone=\u00a0\u00bbdefault\u00a0\u00bb bg_color=\u00a0\u00bb#2276d6&Prime; scene_position=\u00a0\u00bbcenter\u00a0\u00bb text_color=\u00a0\u00bbdark\u00a0\u00bb text_align=\u00a0\u00bbleft\u00a0\u00bb row_border_radius=\u00a0\u00bbnone\u00a0\u00bb row_border_radius_applies=\u00a0\u00bbbg\u00a0\u00bb overlay_strength=\u00a0\u00bb0.3&Prime; gradient_direction=\u00a0\u00bbleft_to_right\u00a0\u00bb shape_divider_position=\u00a0\u00bbbottom\u00a0\u00bb bg_image_animation=\u00a0\u00bbnone\u00a0\u00bb shape_type=\u00a0\u00bb\u00a0\u00bb][vc_column column_padding=\u00a0\u00bbno-extra-padding\u00a0\u00bb column_padding_tablet=\u00a0\u00bbinherit\u00a0\u00bb column_padding_phone=\u00a0\u00bbinherit\u00a0\u00bb column_padding_position=\u00a0\u00bball\u00a0\u00bb column_element_spacing=\u00a0\u00bbdefault\u00a0\u00bb background_color_opacity=\u00a0\u00bb1&Prime; background_hover_color_opacity=\u00a0\u00bb1&Prime; column_shadow=\u00a0\u00bbnone\u00a0\u00bb column_border_radius=\u00a0\u00bbnone\u00a0\u00bb column_link_target=\u00a0\u00bb_self\u00a0\u00bb gradient_direction=\u00a0\u00bbleft_to_right\u00a0\u00bb overlay_strength=\u00a0\u00bb0.3&Prime;&#8230;<\/p>\n","protected":false},"author":2,"featured_media":0,"parent":0,"menu_order":0,"comment_status":"closed","ping_status":"closed","template":"","meta":{"footnotes":""},"class_list":["post-1798","page","type-page","status-publish"],"yoast_head":"<!-- This site is optimized with the Yoast SEO plugin v27.2 - https:\/\/yoast.com\/product\/yoast-seo-wordpress\/ -->\n<title>Home - ALINTECH - CME<\/title>\n<meta name=\"description\" content=\"Notre mission est d\u2019offrir des usinages de haute pr\u00e9cision, ainsi que des moteurs \u00e9lectriques de petite et moyenne dimension pour chaque type d\u2019application, des produits uniques qui g\u00e9n\u00e8rent une croissance continue de l\u2019entreprise elle-m\u00eame et de la qualit\u00e9 de vie.\" \/>\n<meta name=\"robots\" content=\"index, follow, max-snippet:-1, max-image-preview:large, max-video-preview:-1\" \/>\n<link rel=\"canonical\" href=\"https:\/\/www.alintech-cme.com\/fr\/\" \/>\n<meta property=\"og:locale\" content=\"fr_FR\" \/>\n<meta property=\"og:type\" content=\"article\" \/>\n<meta property=\"og:title\" content=\"Home - ALINTECH - CME\" \/>\n<meta property=\"og:description\" content=\"Notre mission est d\u2019offrir des usinages de haute pr\u00e9cision, ainsi que des moteurs \u00e9lectriques de petite et moyenne dimension pour chaque type d\u2019application, des produits uniques qui g\u00e9n\u00e8rent une croissance continue de l\u2019entreprise elle-m\u00eame et de la qualit\u00e9 de vie.\" \/>\n<meta property=\"og:url\" content=\"https:\/\/www.alintech-cme.com\/fr\/\" \/>\n<meta property=\"og:site_name\" content=\"ALINTECH - CME\" \/>\n<meta property=\"article:modified_time\" content=\"2021-04-27T08:34:31+00:00\" \/>\n<meta name=\"twitter:card\" content=\"summary_large_image\" \/>\n<meta name=\"twitter:label1\" content=\"Dur\u00e9e de lecture estim\u00e9e\" \/>\n\t<meta name=\"twitter:data1\" content=\"1 minute\" \/>\n<script type=\"application\/ld+json\" class=\"yoast-schema-graph\">{\"@context\":\"https:\/\/schema.org\",\"@graph\":[{\"@type\":\"WebPage\",\"@id\":\"https:\/\/www.alintech-cme.com\/fr\/\",\"url\":\"https:\/\/www.alintech-cme.com\/fr\/\",\"name\":\"Home - ALINTECH - CME\",\"isPartOf\":{\"@id\":\"https:\/\/www.alintech-cme.com\/fr\/#website\"},\"datePublished\":\"2021-01-22T16:21:35+00:00\",\"dateModified\":\"2021-04-27T08:34:31+00:00\",\"description\":\"Notre mission est d\u2019offrir des usinages de haute pr\u00e9cision, ainsi que des moteurs \u00e9lectriques de petite et moyenne dimension pour chaque type d\u2019application, des produits uniques qui g\u00e9n\u00e8rent une croissance continue de l\u2019entreprise elle-m\u00eame et de la qualit\u00e9 de vie.\",\"breadcrumb\":{\"@id\":\"https:\/\/www.alintech-cme.com\/fr\/#breadcrumb\"},\"inLanguage\":\"fr-FR\",\"potentialAction\":[{\"@type\":\"ReadAction\",\"target\":[\"https:\/\/www.alintech-cme.com\/fr\/\"]}]},{\"@type\":\"BreadcrumbList\",\"@id\":\"https:\/\/www.alintech-cme.com\/fr\/#breadcrumb\",\"itemListElement\":[{\"@type\":\"ListItem\",\"position\":1,\"name\":\"Home\",\"item\":\"https:\/\/www.alintech-cme.com\/fr\/\"},{\"@type\":\"ListItem\",\"position\":2,\"name\":\"Home\"}]},{\"@type\":\"WebSite\",\"@id\":\"https:\/\/www.alintech-cme.com\/fr\/#website\",\"url\":\"https:\/\/www.alintech-cme.com\/fr\/\",\"name\":\"ALINTECH - CME\",\"description\":\"ALINTECH - lavorazioni meccaniche di precisione | CME - alberi per motori elettrici\",\"publisher\":{\"@id\":\"https:\/\/www.alintech-cme.com\/fr\/#organization\"},\"potentialAction\":[{\"@type\":\"SearchAction\",\"target\":{\"@type\":\"EntryPoint\",\"urlTemplate\":\"https:\/\/www.alintech-cme.com\/fr\/?s={search_term_string}\"},\"query-input\":{\"@type\":\"PropertyValueSpecification\",\"valueRequired\":true,\"valueName\":\"search_term_string\"}}],\"inLanguage\":\"fr-FR\"},{\"@type\":\"Organization\",\"@id\":\"https:\/\/www.alintech-cme.com\/fr\/#organization\",\"name\":\"ALINTECH CME\",\"url\":\"https:\/\/www.alintech-cme.com\/fr\/\",\"logo\":{\"@type\":\"ImageObject\",\"inLanguage\":\"fr-FR\",\"@id\":\"https:\/\/www.alintech-cme.com\/fr\/#\/schema\/logo\/image\/\",\"url\":\"https:\/\/alintech-cme.com\/wp-content\/uploads\/2020\/04\/Alintech-CME_logo_payoff.png\",\"contentUrl\":\"https:\/\/alintech-cme.com\/wp-content\/uploads\/2020\/04\/Alintech-CME_logo_payoff.png\",\"width\":200,\"height\":150,\"caption\":\"ALINTECH CME\"},\"image\":{\"@id\":\"https:\/\/www.alintech-cme.com\/fr\/#\/schema\/logo\/image\/\"},\"sameAs\":[\"https:\/\/www.linkedin.com\/company\/alintechcmesrl\/\"]}]}<\/script>\n<!-- \/ Yoast SEO plugin. -->","yoast_head_json":{"title":"Home - ALINTECH - CME","description":"Notre mission est d\u2019offrir des usinages de haute pr\u00e9cision, ainsi que des moteurs \u00e9lectriques de petite et moyenne dimension pour chaque type d\u2019application, des produits uniques qui g\u00e9n\u00e8rent une croissance continue de l\u2019entreprise elle-m\u00eame et de la qualit\u00e9 de vie.","robots":{"index":"index","follow":"follow","max-snippet":"max-snippet:-1","max-image-preview":"max-image-preview:large","max-video-preview":"max-video-preview:-1"},"canonical":"https:\/\/www.alintech-cme.com\/fr\/","og_locale":"fr_FR","og_type":"article","og_title":"Home - ALINTECH - CME","og_description":"Notre mission est d\u2019offrir des usinages de haute pr\u00e9cision, ainsi que des moteurs \u00e9lectriques de petite et moyenne dimension pour chaque type d\u2019application, des produits uniques qui g\u00e9n\u00e8rent une croissance continue de l\u2019entreprise elle-m\u00eame et de la qualit\u00e9 de vie.","og_url":"https:\/\/www.alintech-cme.com\/fr\/","og_site_name":"ALINTECH - CME","article_modified_time":"2021-04-27T08:34:31+00:00","twitter_card":"summary_large_image","twitter_misc":{"Dur\u00e9e de lecture estim\u00e9e":"1 minute"},"schema":{"@context":"https:\/\/schema.org","@graph":[{"@type":"WebPage","@id":"https:\/\/www.alintech-cme.com\/fr\/","url":"https:\/\/www.alintech-cme.com\/fr\/","name":"Home - ALINTECH - CME","isPartOf":{"@id":"https:\/\/www.alintech-cme.com\/fr\/#website"},"datePublished":"2021-01-22T16:21:35+00:00","dateModified":"2021-04-27T08:34:31+00:00","description":"Notre mission est d\u2019offrir des usinages de haute pr\u00e9cision, ainsi que des moteurs \u00e9lectriques de petite et moyenne dimension pour chaque type d\u2019application, des produits uniques qui g\u00e9n\u00e8rent une croissance continue de l\u2019entreprise elle-m\u00eame et de la qualit\u00e9 de vie.","breadcrumb":{"@id":"https:\/\/www.alintech-cme.com\/fr\/#breadcrumb"},"inLanguage":"fr-FR","potentialAction":[{"@type":"ReadAction","target":["https:\/\/www.alintech-cme.com\/fr\/"]}]},{"@type":"BreadcrumbList","@id":"https:\/\/www.alintech-cme.com\/fr\/#breadcrumb","itemListElement":[{"@type":"ListItem","position":1,"name":"Home","item":"https:\/\/www.alintech-cme.com\/fr\/"},{"@type":"ListItem","position":2,"name":"Home"}]},{"@type":"WebSite","@id":"https:\/\/www.alintech-cme.com\/fr\/#website","url":"https:\/\/www.alintech-cme.com\/fr\/","name":"ALINTECH - CME","description":"ALINTECH - lavorazioni meccaniche di precisione | CME - alberi per motori elettrici","publisher":{"@id":"https:\/\/www.alintech-cme.com\/fr\/#organization"},"potentialAction":[{"@type":"SearchAction","target":{"@type":"EntryPoint","urlTemplate":"https:\/\/www.alintech-cme.com\/fr\/?s={search_term_string}"},"query-input":{"@type":"PropertyValueSpecification","valueRequired":true,"valueName":"search_term_string"}}],"inLanguage":"fr-FR"},{"@type":"Organization","@id":"https:\/\/www.alintech-cme.com\/fr\/#organization","name":"ALINTECH CME","url":"https:\/\/www.alintech-cme.com\/fr\/","logo":{"@type":"ImageObject","inLanguage":"fr-FR","@id":"https:\/\/www.alintech-cme.com\/fr\/#\/schema\/logo\/image\/","url":"https:\/\/alintech-cme.com\/wp-content\/uploads\/2020\/04\/Alintech-CME_logo_payoff.png","contentUrl":"https:\/\/alintech-cme.com\/wp-content\/uploads\/2020\/04\/Alintech-CME_logo_payoff.png","width":200,"height":150,"caption":"ALINTECH CME"},"image":{"@id":"https:\/\/www.alintech-cme.com\/fr\/#\/schema\/logo\/image\/"},"sameAs":["https:\/\/www.linkedin.com\/company\/alintechcmesrl\/"]}]}},"_links":{"self":[{"href":"https:\/\/www.alintech-cme.com\/fr\/wp-json\/wp\/v2\/pages\/1798","targetHints":{"allow":["GET"]}}],"collection":[{"href":"https:\/\/www.alintech-cme.com\/fr\/wp-json\/wp\/v2\/pages"}],"about":[{"href":"https:\/\/www.alintech-cme.com\/fr\/wp-json\/wp\/v2\/types\/page"}],"author":[{"embeddable":true,"href":"https:\/\/www.alintech-cme.com\/fr\/wp-json\/wp\/v2\/users\/2"}],"replies":[{"embeddable":true,"href":"https:\/\/www.alintech-cme.com\/fr\/wp-json\/wp\/v2\/comments?post=1798"}],"version-history":[{"count":3,"href":"https:\/\/www.alintech-cme.com\/fr\/wp-json\/wp\/v2\/pages\/1798\/revisions"}],"predecessor-version":[{"id":2965,"href":"https:\/\/www.alintech-cme.com\/fr\/wp-json\/wp\/v2\/pages\/1798\/revisions\/2965"}],"wp:attachment":[{"href":"https:\/\/www.alintech-cme.com\/fr\/wp-json\/wp\/v2\/media?parent=1798"}],"curies":[{"name":"wp","href":"https:\/\/api.w.org\/{rel}","templated":true}]}}