{"id":2474,"date":"2021-02-10T15:38:11","date_gmt":"2021-02-10T14:38:11","guid":{"rendered":"https:\/\/alintech-cme.com\/cme\/ambitos-de-aplicacion\/"},"modified":"2021-02-15T11:11:27","modified_gmt":"2021-02-15T10:11:27","slug":"ambitos-de-aplicacion","status":"publish","type":"page","link":"https:\/\/www.alintech-cme.com\/es\/cme\/ambitos-de-aplicacion\/","title":{"rendered":"\u00c0MBITOS DE APLICACI\u00d2N"},"content":{"rendered":"[vc_row type=\u00bbfull_width_background\u00bb full_screen_row_position=\u00bbmiddle\u00bb column_margin=\u00bbdefault\u00bb column_direction=\u00bbdefault\u00bb column_direction_tablet=\u00bbdefault\u00bb column_direction_phone=\u00bbdefault\u00bb scene_position=\u00bbcenter\u00bb top_padding=\u00bb2%\u00bb text_color=\u00bbdark\u00bb text_align=\u00bbleft\u00bb row_border_radius=\u00bbnone\u00bb row_border_radius_applies=\u00bbbg\u00bb overlay_strength=\u00bb0.3&#8243; gradient_direction=\u00bbleft_to_right\u00bb shape_divider_position=\u00bbbottom\u00bb bg_image_animation=\u00bbnone\u00bb shape_type=\u00bb\u00bb][vc_column column_padding=\u00bbno-extra-padding\u00bb column_padding_tablet=\u00bbinherit\u00bb column_padding_phone=\u00bbinherit\u00bb column_padding_position=\u00bball\u00bb background_color_opacity=\u00bb1&#8243; background_hover_color_opacity=\u00bb1&#8243; column_shadow=\u00bbnone\u00bb column_border_radius=\u00bbnone\u00bb column_link_target=\u00bb_self\u00bb gradient_direction=\u00bbleft_to_right\u00bb overlay_strength=\u00bb0.3&#8243; width=\u00bb1\/1&#8243; tablet_width_inherit=\u00bbdefault\u00bb tablet_text_alignment=\u00bbdefault\u00bb phone_text_alignment=\u00bbdefault\u00bb column_border_width=\u00bbnone\u00bb column_border_style=\u00bbsolid\u00bb bg_image_animation=\u00bbnone\u00bb][vc_column_text]\n<h3>Division CME<\/h3>\n[\/vc_column_text][nectar_animated_title heading_tag=\u00bbh5&#8243; style=\u00bbcolor-strip-reveal\u00bb color=\u00bbAccent-Color\u00bb text=\u00bbDesde 1969 Costrucci\u00f3n Motores Electricos Made in Italy\u00bb][divider line_type=\u00bbFull Width Line\u00bb line_thickness=\u00bb1&#8243; divider_color=\u00bbaccent-color\u00bb custom_height=\u00bb40&#8243;][\/vc_column][\/vc_row][vc_row type=\u00bbin_container\u00bb full_screen_row_position=\u00bbmiddle\u00bb column_margin=\u00bbdefault\u00bb column_direction=\u00bbdefault\u00bb column_direction_tablet=\u00bbdefault\u00bb column_direction_phone=\u00bbdefault\u00bb scene_position=\u00bbcenter\u00bb text_color=\u00bbdark\u00bb text_align=\u00bbleft\u00bb row_border_radius=\u00bbnone\u00bb row_border_radius_applies=\u00bbbg\u00bb overlay_strength=\u00bb0.3&#8243; gradient_direction=\u00bbleft_to_right\u00bb shape_divider_position=\u00bbbottom\u00bb bg_image_animation=\u00bbnone\u00bb shape_type=\u00bb\u00bb][vc_column column_padding=\u00bbno-extra-padding\u00bb column_padding_tablet=\u00bbinherit\u00bb column_padding_phone=\u00bbinherit\u00bb column_padding_position=\u00bball\u00bb background_color_opacity=\u00bb1&#8243; background_hover_color_opacity=\u00bb1&#8243; column_shadow=\u00bbnone\u00bb column_border_radius=\u00bbnone\u00bb column_link_target=\u00bb_self\u00bb gradient_direction=\u00bbleft_to_right\u00bb overlay_strength=\u00bb0.3&#8243; width=\u00bb1\/1&#8243; tablet_width_inherit=\u00bbdefault\u00bb tablet_text_alignment=\u00bbdefault\u00bb phone_text_alignment=\u00bbdefault\u00bb column_border_width=\u00bbnone\u00bb column_border_style=\u00bbsolid\u00bb bg_image_animation=\u00bbnone\u00bb][split_line_heading animation_type=\u00bbline-reveal-by-space\u00bb font_style=\u00bbh2&#8243; text_color=\u00bb#0c4c8e\u00bb text_content=\u00bbSector de aplicaci\u00f3n\u00bb font_size=\u00bb40&#8243;][\/split_line_heading][vc_row_inner column_margin=\u00bbdefault\u00bb column_direction=\u00bbdefault\u00bb column_direction_tablet=\u00bbdefault\u00bb column_direction_phone=\u00bbdefault\u00bb text_align=\u00bbleft\u00bb][vc_column_inner column_padding=\u00bbno-extra-padding\u00bb column_padding_tablet=\u00bbinherit\u00bb column_padding_phone=\u00bbinherit\u00bb column_padding_position=\u00bball\u00bb background_color_opacity=\u00bb1&#8243; background_hover_color_opacity=\u00bb1&#8243; column_shadow=\u00bbnone\u00bb column_border_radius=\u00bbnone\u00bb column_link_target=\u00bb_self\u00bb gradient_direction=\u00bbleft_to_right\u00bb overlay_strength=\u00bb0.3&#8243; width=\u00bb1\/2&#8243; tablet_width_inherit=\u00bbdefault\u00bb column_border_width=\u00bbnone\u00bb column_border_style=\u00bbsolid\u00bb bg_image_animation=\u00bbnone\u00bb][vc_column_text]\n<p class=\"p1\">La mayor parte de nuestros motores el\u00e9ctricos se utiliza para el funcionamiento y\/o la motorizaci\u00f3n de aperturas automatizadas, sobre todo en el sector de la automatizaci\u00f3n dom\u00e9stica.<\/p>\n<p>&nbsp;[\/vc_column_text][\/vc_column_inner][vc_column_inner column_padding=\u00bbno-extra-padding\u00bb column_padding_tablet=\u00bbinherit\u00bb column_padding_phone=\u00bbinherit\u00bb column_padding_position=\u00bball\u00bb background_color_opacity=\u00bb1&#8243; background_hover_color_opacity=\u00bb1&#8243; column_shadow=\u00bbnone\u00bb column_border_radius=\u00bbnone\u00bb column_link_target=\u00bb_self\u00bb gradient_direction=\u00bbleft_to_right\u00bb overlay_strength=\u00bb0.3&#8243; width=\u00bb1\/2&#8243; tablet_width_inherit=\u00bbdefault\u00bb column_border_width=\u00bbnone\u00bb column_border_style=\u00bbsolid\u00bb bg_image_animation=\u00bbnone\u00bb][vc_column_text]En paralelo, tambi\u00e9n suministramos motores completos customizados para otros sectores de aplicaci\u00f3n, como, por ejemplo, motovibradores el\u00e9ctricos, granadores y peque\u00f1os electrodom\u00e9sticos alimentarios, m\u00e1quinas trituradoras de documentos, ventilaci\u00f3n y aspiraci\u00f3n y similares.[\/vc_column_text][\/vc_column_inner][\/vc_row_inner][\/vc_column][\/vc_row][vc_row type=\u00bbfull_width_content\u00bb full_screen_row_position=\u00bbmiddle\u00bb column_margin=\u00bbnone\u00bb equal_height=\u00bbyes\u00bb content_placement=\u00bbtop\u00bb column_direction=\u00bbdefault\u00bb column_direction_tablet=\u00bbdefault\u00bb column_direction_phone=\u00bbdefault\u00bb full_height=\u00bbyes\u00bb columns_placement=\u00bbtop\u00bb scene_position=\u00bbcenter\u00bb text_color=\u00bbdark\u00bb text_align=\u00bbleft\u00bb row_border_radius=\u00bbnone\u00bb row_border_radius_applies=\u00bbbg\u00bb overlay_strength=\u00bb0.3&#8243; gradient_direction=\u00bbleft_to_right\u00bb shape_divider_position=\u00bbbottom\u00bb bg_image_animation=\u00bbnone\u00bb shape_type=\u00bb\u00bb][vc_column column_padding=\u00bbno-extra-padding\u00bb column_padding_tablet=\u00bbinherit\u00bb column_padding_phone=\u00bbinherit\u00bb column_padding_position=\u00bball\u00bb centered_text=\u00bbtrue\u00bb background_color_opacity=\u00bb1&#8243; background_hover_color_opacity=\u00bb1&#8243; column_shadow=\u00bbnone\u00bb column_border_radius=\u00bbnone\u00bb column_link_target=\u00bb_self\u00bb gradient_direction=\u00bbleft_to_right\u00bb overlay_strength=\u00bb0.3&#8243; width=\u00bb1\/3&#8243; tablet_width_inherit=\u00bbdefault\u00bb tablet_text_alignment=\u00bbdefault\u00bb phone_text_alignment=\u00bbdefault\u00bb column_border_width=\u00bbnone\u00bb column_border_style=\u00bbsolid\u00bb bg_image_animation=\u00bbnone\u00bb enable_animation=\u00bbtrue\u00bb animation=\u00bbreveal-from-right\u00bb delay=\u00bb300&#8243;][fancy_box box_style=\u00bbparallax_hover\u00bb icon_family=\u00bbfontawesome\u00bb image_url=\u00bb872&#8243; parallax_hover_box_alignment=\u00bbmiddle\u00bb parallax_hover_box_overlay_opacity=\u00bb0.6&#8243; parallax_hover_box_overlay_opacity_hover=\u00bb0.2&#8243; border_radius=\u00bbdefault\u00bb image_loading=\u00bbdefault\u00bb color_scheme=\u00bbdark\u00bb secondary_content=\u00bbhere&#8217;s some awesome text that would only be shown on hover\u00bb icon_fontawesome=\u00bbfa fa-rss-square\u00bb]\n<h3>Motores para<br \/>\ndom\u00f3tica<\/h3>\n[\/fancy_box][fancy_box box_style=\u00bbparallax_hover\u00bb icon_family=\u00bbfontawesome\u00bb image_url=\u00bb888&#8243; parallax_hover_box_alignment=\u00bbmiddle\u00bb parallax_hover_box_overlay_opacity=\u00bb0.6&#8243; parallax_hover_box_overlay_opacity_hover=\u00bb0.2&#8243; border_radius=\u00bbdefault\u00bb image_loading=\u00bbdefault\u00bb color_scheme=\u00bbdark\u00bb secondary_content=\u00bbhere&#8217;s some awesome text that would only be shown on hover\u00bb icon_fontawesome=\u00bbfa fa-snowflake-o\u00bb]\n<h3 class=\"p1\">Motores para<br \/>\nm\u00e1quina alimentaria<br \/>\ny del helado<\/h3>\n[\/fancy_box][\/vc_column][vc_column column_padding=\u00bbno-extra-padding\u00bb column_padding_tablet=\u00bbinherit\u00bb column_padding_phone=\u00bbinherit\u00bb column_padding_position=\u00bball\u00bb centered_text=\u00bbtrue\u00bb background_color_opacity=\u00bb1&#8243; background_hover_color_opacity=\u00bb1&#8243; column_shadow=\u00bbnone\u00bb column_border_radius=\u00bbnone\u00bb column_link_target=\u00bb_self\u00bb gradient_direction=\u00bbleft_to_right\u00bb overlay_strength=\u00bb0.3&#8243; width=\u00bb1\/3&#8243; tablet_width_inherit=\u00bbdefault\u00bb tablet_text_alignment=\u00bbdefault\u00bb phone_text_alignment=\u00bbdefault\u00bb column_border_width=\u00bbnone\u00bb column_border_style=\u00bbsolid\u00bb bg_image_animation=\u00bbnone\u00bb enable_animation=\u00bbtrue\u00bb animation=\u00bbreveal-from-right\u00bb delay=\u00bb400&#8243;][fancy_box box_style=\u00bbparallax_hover\u00bb icon_family=\u00bbfontawesome\u00bb image_url=\u00bb884&#8243; parallax_hover_box_alignment=\u00bbmiddle\u00bb parallax_hover_box_overlay_opacity=\u00bbdefault\u00bb parallax_hover_box_overlay_opacity_hover=\u00bbdefault\u00bb border_radius=\u00bbdefault\u00bb image_loading=\u00bbdefault\u00bb color_scheme=\u00bbdark\u00bb secondary_content=\u00bbhere&#8217;s some awesome text that would only be shown on hover\u00bb icon_fontawesome=\u00bbfa fa-rss\u00bb]\n<h3 class=\"p1\">Motores par building automation<\/h3>\n[\/fancy_box][fancy_box box_style=\u00bbparallax_hover\u00bb icon_family=\u00bbfontawesome\u00bb image_url=\u00bb890&#8243; parallax_hover_box_alignment=\u00bbmiddle\u00bb parallax_hover_box_overlay_opacity=\u00bbdefault\u00bb parallax_hover_box_overlay_opacity_hover=\u00bbdefault\u00bb border_radius=\u00bbdefault\u00bb image_loading=\u00bbdefault\u00bb color_scheme=\u00bbdark\u00bb secondary_content=\u00bbhere&#8217;s some awesome text that would only be shown on hover\u00bb icon_fontawesome=\u00bbfa fa-archive\u00bb]\n<h3 class=\"p1\">Motores para m\u00e1quinas de oficina y trituradoras de documentos<\/h3>\n[\/fancy_box][\/vc_column][vc_column column_padding=\u00bbno-extra-padding\u00bb column_padding_tablet=\u00bbinherit\u00bb column_padding_phone=\u00bbinherit\u00bb column_padding_position=\u00bball\u00bb centered_text=\u00bbtrue\u00bb background_color_opacity=\u00bb1&#8243; background_hover_color_opacity=\u00bb1&#8243; column_shadow=\u00bbnone\u00bb column_border_radius=\u00bbnone\u00bb column_link_target=\u00bb_self\u00bb gradient_direction=\u00bbleft_to_right\u00bb overlay_strength=\u00bb0.3&#8243; width=\u00bb1\/3&#8243; tablet_width_inherit=\u00bbdefault\u00bb tablet_text_alignment=\u00bbdefault\u00bb phone_text_alignment=\u00bbdefault\u00bb column_border_width=\u00bbnone\u00bb column_border_style=\u00bbsolid\u00bb bg_image_animation=\u00bbnone\u00bb enable_animation=\u00bbtrue\u00bb animation=\u00bbreveal-from-right\u00bb delay=\u00bb500&#8243;][fancy_box box_style=\u00bbparallax_hover\u00bb icon_family=\u00bbfontawesome\u00bb image_url=\u00bb886&#8243; parallax_hover_box_alignment=\u00bbmiddle\u00bb parallax_hover_box_overlay_opacity=\u00bbdefault\u00bb parallax_hover_box_overlay_opacity_hover=\u00bbdefault\u00bb border_radius=\u00bbdefault\u00bb image_loading=\u00bbdefault\u00bb color_scheme=\u00bbdark\u00bb secondary_content=\u00bbhere&#8217;s some awesome text that would only be shown on hover\u00bb icon_fontawesome=\u00bbfa fa-refresh\u00bb]\n<h3 class=\"p1\">Motores para vibraciones de polvo y morteros<\/h3>\n[\/fancy_box][fancy_box box_style=\u00bbparallax_hover\u00bb icon_family=\u00bbfontawesome\u00bb image_url=\u00bb892&#8243; parallax_hover_box_alignment=\u00bbmiddle\u00bb parallax_hover_box_overlay_opacity=\u00bbdefault\u00bb parallax_hover_box_overlay_opacity_hover=\u00bbdefault\u00bb border_radius=\u00bbdefault\u00bb image_loading=\u00bbdefault\u00bb color_scheme=\u00bbdark\u00bb secondary_content=\u00bbhere&#8217;s some awesome text that would only be shown on hover\u00bb icon_fontawesome=\u00bbfa fa-superpowers\u00bb]\n<h3 class=\"p1\">Motores de aspiraci\u00f3n y ventilaci\u00f3n para aplicaciones residenciales<\/h3>\n[\/fancy_box][\/vc_column][\/vc_row]\n","protected":false},"excerpt":{"rendered":"<p>[vc_row type=\u00bbfull_width_background\u00bb full_screen_row_position=\u00bbmiddle\u00bb column_margin=\u00bbdefault\u00bb column_direction=\u00bbdefault\u00bb column_direction_tablet=\u00bbdefault\u00bb column_direction_phone=\u00bbdefault\u00bb scene_position=\u00bbcenter\u00bb top_padding=\u00bb2%\u00bb text_color=\u00bbdark\u00bb text_align=\u00bbleft\u00bb row_border_radius=\u00bbnone\u00bb row_border_radius_applies=\u00bbbg\u00bb overlay_strength=\u00bb0.3&#8243; gradient_direction=\u00bbleft_to_right\u00bb shape_divider_position=\u00bbbottom\u00bb bg_image_animation=\u00bbnone\u00bb shape_type=\u00bb\u00bb][vc_column column_padding=\u00bbno-extra-padding\u00bb column_padding_tablet=\u00bbinherit\u00bb column_padding_phone=\u00bbinherit\u00bb column_padding_position=\u00bball\u00bb background_color_opacity=\u00bb1&#8243; background_hover_color_opacity=\u00bb1&#8243; column_shadow=\u00bbnone\u00bb column_border_radius=\u00bbnone\u00bb column_link_target=\u00bb_self\u00bb gradient_direction=\u00bbleft_to_right\u00bb overlay_strength=\u00bb0.3&#8243; width=\u00bb1\/1&#8243;&#8230;<\/p>\n","protected":false},"author":2,"featured_media":0,"parent":2318,"menu_order":0,"comment_status":"closed","ping_status":"closed","template":"","meta":{"footnotes":""},"class_list":["post-2474","page","type-page","status-publish"],"yoast_head":"<!-- This site is optimized with the Yoast SEO plugin v27.2 - https:\/\/yoast.com\/product\/yoast-seo-wordpress\/ -->\n<title>\u00c0MBITOS DE APLICACI\u00d2N - ALINTECH - CME<\/title>\n<meta name=\"description\" content=\"La mayor parte de nuestros motores el\u00e9ctricos se utiliza para el funcionamiento y\/o la motorizaci\u00f3n de aperturas automatizadas, sobre todo en el sector de la automatizaci\u00f3n dom\u00e9stica.\" \/>\n<meta name=\"robots\" content=\"index, follow, max-snippet:-1, max-image-preview:large, max-video-preview:-1\" \/>\n<link rel=\"canonical\" href=\"https:\/\/www.alintech-cme.com\/es\/cme\/ambitos-de-aplicacion\/\" \/>\n<meta property=\"og:locale\" content=\"es_ES\" \/>\n<meta property=\"og:type\" content=\"article\" \/>\n<meta property=\"og:title\" content=\"\u00c0MBITOS DE APLICACI\u00d2N - ALINTECH - CME\" \/>\n<meta property=\"og:description\" content=\"La mayor parte de nuestros motores el\u00e9ctricos se utiliza para el funcionamiento y\/o la motorizaci\u00f3n de aperturas automatizadas, sobre todo en el sector de la automatizaci\u00f3n dom\u00e9stica.\" \/>\n<meta property=\"og:url\" content=\"https:\/\/www.alintech-cme.com\/es\/cme\/ambitos-de-aplicacion\/\" \/>\n<meta property=\"og:site_name\" content=\"ALINTECH - CME\" \/>\n<meta property=\"article:modified_time\" content=\"2021-02-15T10:11:27+00:00\" \/>\n<meta name=\"twitter:card\" content=\"summary_large_image\" \/>\n<meta name=\"twitter:label1\" content=\"Tiempo de lectura\" \/>\n\t<meta name=\"twitter:data1\" content=\"6 minutos\" \/>\n<script type=\"application\/ld+json\" class=\"yoast-schema-graph\">{\"@context\":\"https:\/\/schema.org\",\"@graph\":[{\"@type\":\"WebPage\",\"@id\":\"https:\/\/www.alintech-cme.com\/es\/cme\/ambitos-de-aplicacion\/\",\"url\":\"https:\/\/www.alintech-cme.com\/es\/cme\/ambitos-de-aplicacion\/\",\"name\":\"\u00c0MBITOS DE APLICACI\u00d2N - ALINTECH - CME\",\"isPartOf\":{\"@id\":\"https:\/\/www.alintech-cme.com\/es\/#website\"},\"datePublished\":\"2021-02-10T14:38:11+00:00\",\"dateModified\":\"2021-02-15T10:11:27+00:00\",\"description\":\"La mayor parte de nuestros motores el\u00e9ctricos se utiliza para el funcionamiento y\/o la motorizaci\u00f3n de aperturas automatizadas, sobre todo en el sector de la automatizaci\u00f3n dom\u00e9stica.\",\"breadcrumb\":{\"@id\":\"https:\/\/www.alintech-cme.com\/es\/cme\/ambitos-de-aplicacion\/#breadcrumb\"},\"inLanguage\":\"es\",\"potentialAction\":[{\"@type\":\"ReadAction\",\"target\":[\"https:\/\/www.alintech-cme.com\/es\/cme\/ambitos-de-aplicacion\/\"]}]},{\"@type\":\"BreadcrumbList\",\"@id\":\"https:\/\/www.alintech-cme.com\/es\/cme\/ambitos-de-aplicacion\/#breadcrumb\",\"itemListElement\":[{\"@type\":\"ListItem\",\"position\":1,\"name\":\"Home\",\"item\":\"https:\/\/www.alintech-cme.com\/es\/\"},{\"@type\":\"ListItem\",\"position\":2,\"name\":\"CME\",\"item\":\"https:\/\/www.alintech-cme.com\/es\/cme\/\"},{\"@type\":\"ListItem\",\"position\":3,\"name\":\"\u00c0MBITOS DE APLICACI\u00d2N\"}]},{\"@type\":\"WebSite\",\"@id\":\"https:\/\/www.alintech-cme.com\/es\/#website\",\"url\":\"https:\/\/www.alintech-cme.com\/es\/\",\"name\":\"ALINTECH - CME\",\"description\":\"ALINTECH - lavorazioni meccaniche di precisione | CME - alberi per motori elettrici\",\"publisher\":{\"@id\":\"https:\/\/www.alintech-cme.com\/es\/#organization\"},\"potentialAction\":[{\"@type\":\"SearchAction\",\"target\":{\"@type\":\"EntryPoint\",\"urlTemplate\":\"https:\/\/www.alintech-cme.com\/es\/?s={search_term_string}\"},\"query-input\":{\"@type\":\"PropertyValueSpecification\",\"valueRequired\":true,\"valueName\":\"search_term_string\"}}],\"inLanguage\":\"es\"},{\"@type\":\"Organization\",\"@id\":\"https:\/\/www.alintech-cme.com\/es\/#organization\",\"name\":\"ALINTECH CME\",\"url\":\"https:\/\/www.alintech-cme.com\/es\/\",\"logo\":{\"@type\":\"ImageObject\",\"inLanguage\":\"es\",\"@id\":\"https:\/\/www.alintech-cme.com\/es\/#\/schema\/logo\/image\/\",\"url\":\"https:\/\/alintech-cme.com\/wp-content\/uploads\/2020\/04\/Alintech-CME_logo_payoff.png\",\"contentUrl\":\"https:\/\/alintech-cme.com\/wp-content\/uploads\/2020\/04\/Alintech-CME_logo_payoff.png\",\"width\":200,\"height\":150,\"caption\":\"ALINTECH CME\"},\"image\":{\"@id\":\"https:\/\/www.alintech-cme.com\/es\/#\/schema\/logo\/image\/\"},\"sameAs\":[\"https:\/\/www.linkedin.com\/company\/alintechcmesrl\/\"]}]}<\/script>\n<!-- \/ Yoast SEO plugin. -->","yoast_head_json":{"title":"\u00c0MBITOS DE APLICACI\u00d2N - ALINTECH - CME","description":"La mayor parte de nuestros motores el\u00e9ctricos se utiliza para el funcionamiento y\/o la motorizaci\u00f3n de aperturas automatizadas, sobre todo en el sector de la automatizaci\u00f3n dom\u00e9stica.","robots":{"index":"index","follow":"follow","max-snippet":"max-snippet:-1","max-image-preview":"max-image-preview:large","max-video-preview":"max-video-preview:-1"},"canonical":"https:\/\/www.alintech-cme.com\/es\/cme\/ambitos-de-aplicacion\/","og_locale":"es_ES","og_type":"article","og_title":"\u00c0MBITOS DE APLICACI\u00d2N - ALINTECH - CME","og_description":"La mayor parte de nuestros motores el\u00e9ctricos se utiliza para el funcionamiento y\/o la motorizaci\u00f3n de aperturas automatizadas, sobre todo en el sector de la automatizaci\u00f3n dom\u00e9stica.","og_url":"https:\/\/www.alintech-cme.com\/es\/cme\/ambitos-de-aplicacion\/","og_site_name":"ALINTECH - CME","article_modified_time":"2021-02-15T10:11:27+00:00","twitter_card":"summary_large_image","twitter_misc":{"Tiempo de lectura":"6 minutos"},"schema":{"@context":"https:\/\/schema.org","@graph":[{"@type":"WebPage","@id":"https:\/\/www.alintech-cme.com\/es\/cme\/ambitos-de-aplicacion\/","url":"https:\/\/www.alintech-cme.com\/es\/cme\/ambitos-de-aplicacion\/","name":"\u00c0MBITOS DE APLICACI\u00d2N - ALINTECH - CME","isPartOf":{"@id":"https:\/\/www.alintech-cme.com\/es\/#website"},"datePublished":"2021-02-10T14:38:11+00:00","dateModified":"2021-02-15T10:11:27+00:00","description":"La mayor parte de nuestros motores el\u00e9ctricos se utiliza para el funcionamiento y\/o la motorizaci\u00f3n de aperturas automatizadas, sobre todo en el sector de la automatizaci\u00f3n dom\u00e9stica.","breadcrumb":{"@id":"https:\/\/www.alintech-cme.com\/es\/cme\/ambitos-de-aplicacion\/#breadcrumb"},"inLanguage":"es","potentialAction":[{"@type":"ReadAction","target":["https:\/\/www.alintech-cme.com\/es\/cme\/ambitos-de-aplicacion\/"]}]},{"@type":"BreadcrumbList","@id":"https:\/\/www.alintech-cme.com\/es\/cme\/ambitos-de-aplicacion\/#breadcrumb","itemListElement":[{"@type":"ListItem","position":1,"name":"Home","item":"https:\/\/www.alintech-cme.com\/es\/"},{"@type":"ListItem","position":2,"name":"CME","item":"https:\/\/www.alintech-cme.com\/es\/cme\/"},{"@type":"ListItem","position":3,"name":"\u00c0MBITOS DE APLICACI\u00d2N"}]},{"@type":"WebSite","@id":"https:\/\/www.alintech-cme.com\/es\/#website","url":"https:\/\/www.alintech-cme.com\/es\/","name":"ALINTECH - CME","description":"ALINTECH - lavorazioni meccaniche di precisione | CME - alberi per motori elettrici","publisher":{"@id":"https:\/\/www.alintech-cme.com\/es\/#organization"},"potentialAction":[{"@type":"SearchAction","target":{"@type":"EntryPoint","urlTemplate":"https:\/\/www.alintech-cme.com\/es\/?s={search_term_string}"},"query-input":{"@type":"PropertyValueSpecification","valueRequired":true,"valueName":"search_term_string"}}],"inLanguage":"es"},{"@type":"Organization","@id":"https:\/\/www.alintech-cme.com\/es\/#organization","name":"ALINTECH CME","url":"https:\/\/www.alintech-cme.com\/es\/","logo":{"@type":"ImageObject","inLanguage":"es","@id":"https:\/\/www.alintech-cme.com\/es\/#\/schema\/logo\/image\/","url":"https:\/\/alintech-cme.com\/wp-content\/uploads\/2020\/04\/Alintech-CME_logo_payoff.png","contentUrl":"https:\/\/alintech-cme.com\/wp-content\/uploads\/2020\/04\/Alintech-CME_logo_payoff.png","width":200,"height":150,"caption":"ALINTECH CME"},"image":{"@id":"https:\/\/www.alintech-cme.com\/es\/#\/schema\/logo\/image\/"},"sameAs":["https:\/\/www.linkedin.com\/company\/alintechcmesrl\/"]}]}},"_links":{"self":[{"href":"https:\/\/www.alintech-cme.com\/es\/wp-json\/wp\/v2\/pages\/2474","targetHints":{"allow":["GET"]}}],"collection":[{"href":"https:\/\/www.alintech-cme.com\/es\/wp-json\/wp\/v2\/pages"}],"about":[{"href":"https:\/\/www.alintech-cme.com\/es\/wp-json\/wp\/v2\/types\/page"}],"author":[{"embeddable":true,"href":"https:\/\/www.alintech-cme.com\/es\/wp-json\/wp\/v2\/users\/2"}],"replies":[{"embeddable":true,"href":"https:\/\/www.alintech-cme.com\/es\/wp-json\/wp\/v2\/comments?post=2474"}],"version-history":[{"count":3,"href":"https:\/\/www.alintech-cme.com\/es\/wp-json\/wp\/v2\/pages\/2474\/revisions"}],"predecessor-version":[{"id":2498,"href":"https:\/\/www.alintech-cme.com\/es\/wp-json\/wp\/v2\/pages\/2474\/revisions\/2498"}],"up":[{"embeddable":true,"href":"https:\/\/www.alintech-cme.com\/es\/wp-json\/wp\/v2\/pages\/2318"}],"wp:attachment":[{"href":"https:\/\/www.alintech-cme.com\/es\/wp-json\/wp\/v2\/media?parent=2474"}],"curies":[{"name":"wp","href":"https:\/\/api.w.org\/{rel}","templated":true}]}}