{"id":2471,"date":"2021-02-10T15:12:43","date_gmt":"2021-02-10T14:12:43","guid":{"rendered":"https:\/\/alintech-cme.com\/cookie-policy\/"},"modified":"2021-02-10T15:12:44","modified_gmt":"2021-02-10T14:12:44","slug":"cookie-policy","status":"publish","type":"page","link":"https:\/\/www.alintech-cme.com\/es\/cookie-policy\/","title":{"rendered":"Cookie policy"},"content":{"rendered":"[vc_row type=\u00bbin_container\u00bb full_screen_row_position=\u00bbmiddle\u00bb column_margin=\u00bbdefault\u00bb scene_position=\u00bbcenter\u00bb text_color=\u00bbdark\u00bb text_align=\u00bbleft\u00bb overlay_strength=\u00bb0.3&#8243; shape_divider_position=\u00bbbottom\u00bb bg_image_animation=\u00bbnone\u00bb][vc_column column_padding=\u00bbno-extra-padding\u00bb column_padding_position=\u00bball\u00bb background_color_opacity=\u00bb1&#8243; background_hover_color_opacity=\u00bb1&#8243; column_link_target=\u00bb_self\u00bb column_shadow=\u00bbnone\u00bb column_border_radius=\u00bbnone\u00bb width=\u00bb1\/1&#8243; tablet_width_inherit=\u00bbdefault\u00bb tablet_text_alignment=\u00bbdefault\u00bb phone_text_alignment=\u00bbdefault\u00bb overlay_strength=\u00bb0.3&#8243; column_border_width=\u00bbnone\u00bb column_border_style=\u00bbsolid\u00bb bg_image_animation=\u00bbnone\u00bb][vc_column_text]\n<div class=\"wpb_text_column wpb_content_element \">\n<div class=\"wpb_wrapper\">\n<p>Questo Sito Web raccoglie alcuni Dati Personali dei propri Utenti.<\/p>\n<\/div>\n<\/div>\n<div class=\"wpb_text_column wpb_content_element \">\n<div class=\"wpb_wrapper\">\n<p>Informativa ai sensi degli artt. 13 e 14 del\u00a0<a title=\"REGOLAMENTO (UE) 2016\/679 DEL PARLAMENTO EUROPEO E DEL CONSIGLIO\" href=\"http:\/\/eur-lex.europa.eu\/legal-content\/IT\/TXT\/HTML\/?uri=CELEX:32016R0679&amp;from=IT\" target=\"_blank\" rel=\"noopener noreferrer\">REGOLAMENTO (UE) 2016\/679 DEL PARLAMENTO EUROPEO E DEL CONSIGLIO\u00a0<\/a><\/p>\n<p>del 27 aprile 2016 relativo alla protezione delle persone fisiche con riguardo al trattamento dei dati personali, nonch\u00e9 alla libera circolazione di tali dati e che abroga la direttiva 95\/46\/CE (regolamento generale sulla protezione dei dati).<\/p>\n<\/div>\n<\/div>\n<div class=\"wpb_text_column wpb_content_element \">\n<div class=\"wpb_wrapper\">\n<h4><u><strong>Titolare del Trattamento dei Dati<\/strong><\/u><\/h4>\n<p>ALINTECH-CME S.r.l. \u2013\u00a0Via Statale Paullese, 4 26020 Madignano (CR) Italia<br \/>\nIndirizzo email del Titolare:\u00a0<a href=\"info.cme@alintech-cme.com\">info.cme@alintech-cme.com<\/a><\/p>\n<p>Dal momento che l\u2019installazione di Cookie e di altri sistemi di tracciamento operata da terze parti tramite i servizi utilizzati all\u2019interno di questo Sito Web non pu\u00f2 essere tecnicamente controllata dal Titolare, ogni riferimento specifico a Cookie e sistemi di tracciamento installati da terze parti \u00e8 da considerarsi indicativo. Per ottenere informazioni complete, l\u2019Utente \u00e8 invitato a consultare la privacy policy degli eventuali servizi terzi elencati in questo documento.<\/p>\n<\/div>\n<\/div>\n<div class=\"wpb_text_column wpb_content_element \">\n<div class=\"wpb_wrapper\">\n<h2>Fonti<\/h2>\n<p>E\u2019 possibile consultare il testo completo della legge presso il sito del\u00a0<a href=\"http:\/\/www.garanteprivacy.it\/web\/guest\/home\/docweb\/-\/docweb-display\/docweb\/1311248\" target=\"_blank\" rel=\"noopener noreferrer\">Garante della Privacy<\/a>\u00a0o presso il sito del\u00a0<a href=\"http:\/\/www.parlamento.it\/parlam\/leggi\/deleghe\/03196dl.htm\" target=\"_blank\" rel=\"noopener noreferrer\">Parlamento italiano<\/a>.<\/p>\n<h2>Privacy Policy<\/h2>\n<p>In ottemperanza degli obblighi derivanti dalla normativa nazionale e comunitaria in materia di tutela dei dati personali, il presente sito rispetta e tutela la riservatezza dei visitatori e degli utenti.<br \/>\nLa presente privacy policy si applica esclusivamente alle attivit\u00e0 online del presente sito ed \u00e8 valida per i visitatori\/utenti del sito. Non si applica alle informazioni raccolte tramite canali diversi dal presente sito web.<\/p>\n<h2>Consenso<\/h2>\n<p>Con l\u2019uso o la consultazione del presente sito i visitatori e gli utenti approvano esplicitamente la presente privacy policy e acconsentono all\u2019uso dei loro dati personali in relazione alle modalit\u00e0 e alle finalit\u00e0 qui sotto descritte.<\/p>\n<h2>Dati raccolti e finalit\u00e0<\/h2>\n<p>Come tutti i siti web anche il presente sito fa uso di log files nei quali vengono conservate informazioni raccolte in maniera automatizzata durante le visite degli utenti. Le informazioni raccolte possono essere le seguenti:<\/p>\n<ul>\n<li>indirizzo internet protocol (IP);<\/li>\n<li>tipo di browser e parametri del dispositivo usato per connettersi al sito;<\/li>\n<li>nome dell\u2019internet service provider (ISP);<\/li>\n<li>data e orario di visita;<\/li>\n<li>pagina web di provenienza del visitatore (referral) e di uscita;<\/li>\n<li>eventualmente il numero di click.<\/li>\n<\/ul>\n<p>Le suddette informazioni sono trattate in forma automatizzata e raccolte in forma esclusivamente aggregata al fine di verificare il corretto funzionamento del sito.<br \/>\nNessuna di queste informazioni \u00e8 correlata alla persona fisica-utente del sito, e non ne consentono in alcun modo l\u2019identificazione.<\/p>\n<p>A fini di sicurezza (filtri antispam, firewall, rilevazione virus), i dati registrati automaticamente possono eventualmente comprendere anche dati personali come l\u2019indirizzo Ip, che potrebbe essere utilizzato, conformemente alle leggi vigenti in materia, al fine di bloccare tentativi di danneggiamento al sito medesimo o di recare danno ad altri utenti, o comunque attivit\u00e0 dannose o costituenti reato. Tali dati non sono mai utilizzati per l\u2019identificazione o la profilazione dell\u2019utente, ma solo a fini di tutela del sito e dei suoi utenti.<\/p>\n<p>Qualora il sito consenta l\u2019inserimento di commenti, oppure in caso di specifici servizi richiesti dall\u2019utente, il sito rileva automaticamente e registra alcuni dati identificativi dell\u2019utente, compreso l\u2019indirizzo mail. Tali dati si intendono volontariamente forniti dall\u2019utente al momento dell\u2019erogazione del servizio. Inserendo un commento o altra informazione l\u2019utente accetta espressamente l\u2019informativa privacy, e in particolare acconsente che i contenuti inseriti siano liberamente diffusi anche a terzi. I dati ricevuti verranno utilizzati esclusivamente per l\u2019erogazione del servizio richiesto e per il solo tempo necessario per la fornitura del servizio. Le informazioni che gli utenti del sito riterranno di rendere pubbliche tramite i servizi e gli strumenti messi a disposizione degli stessi, sono fornite dall\u2019utente consapevolmente e volontariamente, esentando il presente sito da qualsiasi responsabilit\u00e0 in merito ad eventuali violazioni delle leggi. Spetta all\u2019utente verificare di avere i permessi per l\u2019immissione di dati personali di terzi o di contenuti tutelati dalle norme nazionali ed internazionali.<\/p>\n<p>I dati raccolti dal sito durante il suo funzionamento sono utilizzati esclusivamente per le finalit\u00e0 sopra indicate e conservati per il tempo strettamente necessario a svolgere le attivit\u00e0 precisate. In ogni caso i dati rilevati dal sito non saranno forniti mai a terzi, per nessuna ragione, a meno che non si tratti di legittima richiesta da parte dell\u2019autorit\u00e0 giudiziaria e nei soli casi previsti dalla legge.<\/p>\n<h2>Informazioni sui cookie<\/h2>\n<p>I cookie sono dei piccoli file di testo che il server invia al computer dell\u2019utente. Essi possono essere memorizzati sul vostro computer e utilizzati per migliorare e personalizzare la navigazione ma anche per fornire informazioni pertinenti durante le future visualizzazioni del sito.<\/p>\n<h2>Tipologia di cookie<\/h2>\n<p>I cookie utilizzati si distinguono in quattro macro aree di seguito descritte.<\/p>\n<p><strong>Cookie di navigazione<\/strong><br \/>\nQuesta tipologia permette di far funzionare correttamente la piattaforma WordPress su cui \u00e8 basato il sito. I cookie consentono inoltre di creare un account e effettuare il login. Questi cookie sono necessari per il corretto funzionamento del sito.<\/p>\n<p><strong>Cookie Analitici<\/strong><br \/>\nQuesta tipologia di cookie \u00e8 utilizzata da tool di analisi del traffico web, come ad esempio Google Analytics. Consentono di analizzare le modalit\u00e0 di navigazione degli utenti per comprendere la fruizione del sito. I dati di navigazione sono raccolti in forma anonima.<\/p>\n<p><strong>Cookie Social Network per i bottoni di sharing e follow<\/strong><br \/>\nSono necessari per far funzionare i widget del social network Google+, Twitter, Facebook, Linkedin, Youtube. Finch\u00e9 non viene espresso il consenso non vengono erogati.<\/p>\n<h2>Cancellazione cookie<\/h2>\n<p>I browser internet solitamente accettano i cookie in modo automatico, in ogni caso \u00e8 sempre possibile disabilitare questa funzionalit\u00e0 e rimuovere i cookie in qualsiasi momento attraverso le impostazioni del browser.<br \/>\nOccorre tenere presente che la disabilitazione dei cookies potrebbe impedire il corretto utilizzo di alcune funzioni del sito stesso.<\/p>\n<p>Le istruzioni per la disabilitazione dei cookies si trovano alle seguenti pagine web:<\/p>\n<ul>\n<li>Mozilla Firefox\u00a0<a href=\"http:\/\/support.mozilla.org\/it\/kb\/Attivare%20e%20disattivare%20i%20cookie\">http:\/\/support.mozilla.org\/it\/kb\/Attivare%20e%20disattivare%20i%20cookie<\/a><\/li>\n<li>Windows Internet Explorer\u00a0<a href=\"http:\/\/windows.microsoft.com\/it-IT\/windows7\/Block-enable-or-allow-cookies\">http:\/\/windows.microsoft.com\/it-IT\/windows7\/Block-enable-or-allow-cookies<\/a><\/li>\n<li>Google Chrome\u00a0<a href=\"http:\/\/support.google.com\/chrome\/bin\/answer.py?hl=it&amp;answer=95647\">http:\/\/support.google.com\/chrome\/bin\/answer.py?hl=it&amp;answer=95647<\/a><\/li>\n<li>Opera\u00a0<a href=\"http:\/\/help.opera.com\/Windows\/10.00\/it\/cookies.html\">http:\/\/help.opera.com\/Windows\/10.00\/it\/cookies.html<\/a><\/li>\n<li>Apple Safari\u00a0<a href=\"https:\/\/support.apple.com\/it-it\/HT201265\">https:\/\/support.apple.com\/it-it\/HT201265<\/a><\/li>\n<li>Vivaldi\u00a0<a href=\"https:\/\/vivaldigroup.it\/cookies\/show.php?l=it\">https:\/\/vivaldigroup.it\/cookies\/show.php?l=it<\/a><\/li>\n<\/ul>\n<p>Le modalit\u00e0 differiscono da tipologia e versione di browser, consigliamo quindi di far riferimento al manuale o alla schermata di aiuto specifica del vostro programma.<\/p>\n<p>L\u2019utente pu\u00f2 disabilitare in modo selettivo l\u2019azione di Google Analytics installando sul proprio browser l\u2019apposito componente fornito da Google (opt out).<br \/>\nPer fare l\u2019opt-out da Google Analytics potete usare questo strumento\u00a0<a href=\"https:\/\/tools.google.com\/dlpage\/gaoptout\">https:\/\/tools.google.com\/dlpage\/gaoptout<\/a>.<\/p>\n<h2>Cookies di terze parti<\/h2>\n<p>Il presente sito funge anche da intermediario per cookies di terze parti, utilizzati per poter fornire ulteriori servizi e funzionalit\u00e0 ai visitatori e per migliorare l\u2019uso del sito stesso, come i pulsanti per i social.<br \/>\nLa presente privacy policy non si applica ai servizi forniti da terze parti, e questo sito non ha alcun controllo sui loro cookies, interamente gestiti dalle terze parti. Il contratto di cessione dati avviene direttamente tra l\u2019utente\/visitatore e le terze parti, per cui l\u2019acquisizione del consenso per detti cookie \u00e8, ovviamente, a carico delle terze parti, mentre questo sito non partecipa in alcun modo a tale cessione.<br \/>\nIn conseguenza di ci\u00f2 le informazioni sull\u2019uso dei detti cookies e sulle finalit\u00e0 degli stessi, nonch\u00e9 sulle modalit\u00e0 per l\u2019eventuale disabilitazione, sono fornite direttamente dalle terze parti alle pagine qui sotto indicate.<\/p>\n<p>Per fare l\u2019opt-out dai widget social potete trovare le informazioni qui<br \/>\n\u2013 Facebook\u00a0<a href=\"https:\/\/www.facebook.com\/help\/cookies\/\">https:\/\/www.facebook.com\/help\/cookies\/<\/a><br \/>\n\u2013 Twitter\u00a0<a href=\"https:\/\/twitter.com\/privacy?lang=en\">https:\/\/twitter.com\/privacy?lang=en<\/a><br \/>\n\u2013 Youtube\u00a0<a href=\"https:\/\/www.google.it\/intl\/it\/policies\/privacy\/\">https:\/\/www.google.it\/intl\/it\/policies\/privacy\/<\/a><br \/>\n\u2013 Google+\u00a0<a href=\"http:\/\/www.google.com\/policies\/technologies\/types\/\">http:\/\/www.google.com\/policies\/technologies\/types\/<\/a><br \/>\n\u2013 Vimeo\u00a0<a href=\"https:\/\/vimeo.com\/cookie_policy\">https:\/\/vimeo.com\/cookie_policy<\/a><br \/>\n\u2013 LinkedIn\u00a0<a href=\"https:\/\/www.linkedin.com\/legal\/cookie_policy\">https:\/\/www.linkedin.com\/legal\/cookie_policy<\/a><br \/>\n\u2013 Google Analytics<\/p>\n<ul>\n<li>Google Analytics Opt Out \u2013\u00a0<a href=\"https:\/\/tools.google.com\/dlpage\/gaoptout?hl=it\">Componente aggiuntivo del browser per la disattivazione di Google Analytics<\/a><\/li>\n<li>Google Analytics \u2013\u00a0<a href=\"https:\/\/www.google.com\/intl\/it_it\/analytics\/learn\/privacy.html\">Principi di sicurezza e Privacy<\/a><\/li>\n<\/ul>\n<\/div>\n<\/div>\n[\/vc_column_text][\/vc_column][\/vc_row]\n","protected":false},"excerpt":{"rendered":"<p>[vc_row type=\u00bbin_container\u00bb full_screen_row_position=\u00bbmiddle\u00bb column_margin=\u00bbdefault\u00bb scene_position=\u00bbcenter\u00bb text_color=\u00bbdark\u00bb text_align=\u00bbleft\u00bb overlay_strength=\u00bb0.3&#8243; shape_divider_position=\u00bbbottom\u00bb bg_image_animation=\u00bbnone\u00bb][vc_column column_padding=\u00bbno-extra-padding\u00bb column_padding_position=\u00bball\u00bb background_color_opacity=\u00bb1&#8243; background_hover_color_opacity=\u00bb1&#8243; column_link_target=\u00bb_self\u00bb column_shadow=\u00bbnone\u00bb column_border_radius=\u00bbnone\u00bb width=\u00bb1\/1&#8243; tablet_width_inherit=\u00bbdefault\u00bb tablet_text_alignment=\u00bbdefault\u00bb phone_text_alignment=\u00bbdefault\u00bb overlay_strength=\u00bb0.3&#8243; column_border_width=\u00bbnone\u00bb column_border_style=\u00bbsolid\u00bb bg_image_animation=\u00bbnone\u00bb][vc_column_text] Questo Sito Web raccoglie alcuni&#8230;<\/p>\n","protected":false},"author":1,"featured_media":0,"parent":0,"menu_order":0,"comment_status":"closed","ping_status":"closed","template":"","meta":{"footnotes":""},"class_list":["post-2471","page","type-page","status-publish"],"yoast_head":"<!-- This site is optimized with the Yoast SEO plugin v27.2 - https:\/\/yoast.com\/product\/yoast-seo-wordpress\/ -->\n<title>Cookie policy - ALINTECH - CME<\/title>\n<meta name=\"robots\" content=\"index, follow, max-snippet:-1, max-image-preview:large, max-video-preview:-1\" \/>\n<link rel=\"canonical\" href=\"https:\/\/www.alintech-cme.com\/es\/cookie-policy\/\" \/>\n<meta property=\"og:locale\" content=\"es_ES\" \/>\n<meta property=\"og:type\" content=\"article\" \/>\n<meta property=\"og:title\" content=\"Cookie policy - ALINTECH - CME\" \/>\n<meta property=\"og:description\" content=\"[vc_row type=\u00bbin_container\u00bb full_screen_row_position=\u00bbmiddle\u00bb column_margin=\u00bbdefault\u00bb scene_position=\u00bbcenter\u00bb text_color=\u00bbdark\u00bb text_align=\u00bbleft\u00bb overlay_strength=\u00bb0.3&#8243; shape_divider_position=\u00bbbottom\u00bb bg_image_animation=\u00bbnone\u00bb][vc_column column_padding=\u00bbno-extra-padding\u00bb column_padding_position=\u00bball\u00bb background_color_opacity=\u00bb1&#8243; background_hover_color_opacity=\u00bb1&#8243; column_link_target=\u00bb_self\u00bb column_shadow=\u00bbnone\u00bb column_border_radius=\u00bbnone\u00bb width=\u00bb1\/1&#8243; tablet_width_inherit=\u00bbdefault\u00bb tablet_text_alignment=\u00bbdefault\u00bb phone_text_alignment=\u00bbdefault\u00bb overlay_strength=\u00bb0.3&#8243; column_border_width=\u00bbnone\u00bb column_border_style=\u00bbsolid\u00bb bg_image_animation=\u00bbnone\u00bb][vc_column_text] Questo Sito Web raccoglie alcuni...\" \/>\n<meta property=\"og:url\" content=\"https:\/\/www.alintech-cme.com\/es\/cookie-policy\/\" \/>\n<meta property=\"og:site_name\" content=\"ALINTECH - CME\" \/>\n<meta property=\"article:modified_time\" content=\"2021-02-10T14:12:44+00:00\" \/>\n<meta name=\"twitter:card\" content=\"summary_large_image\" \/>\n<meta name=\"twitter:label1\" content=\"Tiempo de lectura\" \/>\n\t<meta name=\"twitter:data1\" content=\"7 minutos\" \/>\n<script type=\"application\/ld+json\" class=\"yoast-schema-graph\">{\"@context\":\"https:\/\/schema.org\",\"@graph\":[{\"@type\":\"WebPage\",\"@id\":\"https:\/\/www.alintech-cme.com\/es\/cookie-policy\/\",\"url\":\"https:\/\/www.alintech-cme.com\/es\/cookie-policy\/\",\"name\":\"Cookie policy - ALINTECH - CME\",\"isPartOf\":{\"@id\":\"https:\/\/www.alintech-cme.com\/es\/#website\"},\"datePublished\":\"2021-02-10T14:12:43+00:00\",\"dateModified\":\"2021-02-10T14:12:44+00:00\",\"breadcrumb\":{\"@id\":\"https:\/\/www.alintech-cme.com\/es\/cookie-policy\/#breadcrumb\"},\"inLanguage\":\"es\",\"potentialAction\":[{\"@type\":\"ReadAction\",\"target\":[\"https:\/\/www.alintech-cme.com\/es\/cookie-policy\/\"]}]},{\"@type\":\"BreadcrumbList\",\"@id\":\"https:\/\/www.alintech-cme.com\/es\/cookie-policy\/#breadcrumb\",\"itemListElement\":[{\"@type\":\"ListItem\",\"position\":1,\"name\":\"Home\",\"item\":\"https:\/\/www.alintech-cme.com\/es\/\"},{\"@type\":\"ListItem\",\"position\":2,\"name\":\"Cookie policy\"}]},{\"@type\":\"WebSite\",\"@id\":\"https:\/\/www.alintech-cme.com\/es\/#website\",\"url\":\"https:\/\/www.alintech-cme.com\/es\/\",\"name\":\"ALINTECH - CME\",\"description\":\"ALINTECH - lavorazioni meccaniche di precisione | CME - alberi per motori elettrici\",\"publisher\":{\"@id\":\"https:\/\/www.alintech-cme.com\/es\/#organization\"},\"potentialAction\":[{\"@type\":\"SearchAction\",\"target\":{\"@type\":\"EntryPoint\",\"urlTemplate\":\"https:\/\/www.alintech-cme.com\/es\/?s={search_term_string}\"},\"query-input\":{\"@type\":\"PropertyValueSpecification\",\"valueRequired\":true,\"valueName\":\"search_term_string\"}}],\"inLanguage\":\"es\"},{\"@type\":\"Organization\",\"@id\":\"https:\/\/www.alintech-cme.com\/es\/#organization\",\"name\":\"ALINTECH CME\",\"url\":\"https:\/\/www.alintech-cme.com\/es\/\",\"logo\":{\"@type\":\"ImageObject\",\"inLanguage\":\"es\",\"@id\":\"https:\/\/www.alintech-cme.com\/es\/#\/schema\/logo\/image\/\",\"url\":\"https:\/\/alintech-cme.com\/wp-content\/uploads\/2020\/04\/Alintech-CME_logo_payoff.png\",\"contentUrl\":\"https:\/\/alintech-cme.com\/wp-content\/uploads\/2020\/04\/Alintech-CME_logo_payoff.png\",\"width\":200,\"height\":150,\"caption\":\"ALINTECH CME\"},\"image\":{\"@id\":\"https:\/\/www.alintech-cme.com\/es\/#\/schema\/logo\/image\/\"},\"sameAs\":[\"https:\/\/www.linkedin.com\/company\/alintechcmesrl\/\"]}]}<\/script>\n<!-- \/ Yoast SEO plugin. -->","yoast_head_json":{"title":"Cookie policy - ALINTECH - CME","robots":{"index":"index","follow":"follow","max-snippet":"max-snippet:-1","max-image-preview":"max-image-preview:large","max-video-preview":"max-video-preview:-1"},"canonical":"https:\/\/www.alintech-cme.com\/es\/cookie-policy\/","og_locale":"es_ES","og_type":"article","og_title":"Cookie policy - ALINTECH - CME","og_description":"[vc_row type=\u00bbin_container\u00bb full_screen_row_position=\u00bbmiddle\u00bb column_margin=\u00bbdefault\u00bb scene_position=\u00bbcenter\u00bb text_color=\u00bbdark\u00bb text_align=\u00bbleft\u00bb overlay_strength=\u00bb0.3&#8243; shape_divider_position=\u00bbbottom\u00bb bg_image_animation=\u00bbnone\u00bb][vc_column column_padding=\u00bbno-extra-padding\u00bb column_padding_position=\u00bball\u00bb background_color_opacity=\u00bb1&#8243; background_hover_color_opacity=\u00bb1&#8243; column_link_target=\u00bb_self\u00bb column_shadow=\u00bbnone\u00bb column_border_radius=\u00bbnone\u00bb width=\u00bb1\/1&#8243; tablet_width_inherit=\u00bbdefault\u00bb tablet_text_alignment=\u00bbdefault\u00bb phone_text_alignment=\u00bbdefault\u00bb overlay_strength=\u00bb0.3&#8243; column_border_width=\u00bbnone\u00bb column_border_style=\u00bbsolid\u00bb bg_image_animation=\u00bbnone\u00bb][vc_column_text] Questo Sito Web raccoglie alcuni...","og_url":"https:\/\/www.alintech-cme.com\/es\/cookie-policy\/","og_site_name":"ALINTECH - CME","article_modified_time":"2021-02-10T14:12:44+00:00","twitter_card":"summary_large_image","twitter_misc":{"Tiempo de lectura":"7 minutos"},"schema":{"@context":"https:\/\/schema.org","@graph":[{"@type":"WebPage","@id":"https:\/\/www.alintech-cme.com\/es\/cookie-policy\/","url":"https:\/\/www.alintech-cme.com\/es\/cookie-policy\/","name":"Cookie policy - ALINTECH - CME","isPartOf":{"@id":"https:\/\/www.alintech-cme.com\/es\/#website"},"datePublished":"2021-02-10T14:12:43+00:00","dateModified":"2021-02-10T14:12:44+00:00","breadcrumb":{"@id":"https:\/\/www.alintech-cme.com\/es\/cookie-policy\/#breadcrumb"},"inLanguage":"es","potentialAction":[{"@type":"ReadAction","target":["https:\/\/www.alintech-cme.com\/es\/cookie-policy\/"]}]},{"@type":"BreadcrumbList","@id":"https:\/\/www.alintech-cme.com\/es\/cookie-policy\/#breadcrumb","itemListElement":[{"@type":"ListItem","position":1,"name":"Home","item":"https:\/\/www.alintech-cme.com\/es\/"},{"@type":"ListItem","position":2,"name":"Cookie policy"}]},{"@type":"WebSite","@id":"https:\/\/www.alintech-cme.com\/es\/#website","url":"https:\/\/www.alintech-cme.com\/es\/","name":"ALINTECH - CME","description":"ALINTECH - lavorazioni meccaniche di precisione | CME - alberi per motori elettrici","publisher":{"@id":"https:\/\/www.alintech-cme.com\/es\/#organization"},"potentialAction":[{"@type":"SearchAction","target":{"@type":"EntryPoint","urlTemplate":"https:\/\/www.alintech-cme.com\/es\/?s={search_term_string}"},"query-input":{"@type":"PropertyValueSpecification","valueRequired":true,"valueName":"search_term_string"}}],"inLanguage":"es"},{"@type":"Organization","@id":"https:\/\/www.alintech-cme.com\/es\/#organization","name":"ALINTECH CME","url":"https:\/\/www.alintech-cme.com\/es\/","logo":{"@type":"ImageObject","inLanguage":"es","@id":"https:\/\/www.alintech-cme.com\/es\/#\/schema\/logo\/image\/","url":"https:\/\/alintech-cme.com\/wp-content\/uploads\/2020\/04\/Alintech-CME_logo_payoff.png","contentUrl":"https:\/\/alintech-cme.com\/wp-content\/uploads\/2020\/04\/Alintech-CME_logo_payoff.png","width":200,"height":150,"caption":"ALINTECH CME"},"image":{"@id":"https:\/\/www.alintech-cme.com\/es\/#\/schema\/logo\/image\/"},"sameAs":["https:\/\/www.linkedin.com\/company\/alintechcmesrl\/"]}]}},"_links":{"self":[{"href":"https:\/\/www.alintech-cme.com\/es\/wp-json\/wp\/v2\/pages\/2471","targetHints":{"allow":["GET"]}}],"collection":[{"href":"https:\/\/www.alintech-cme.com\/es\/wp-json\/wp\/v2\/pages"}],"about":[{"href":"https:\/\/www.alintech-cme.com\/es\/wp-json\/wp\/v2\/types\/page"}],"author":[{"embeddable":true,"href":"https:\/\/www.alintech-cme.com\/es\/wp-json\/wp\/v2\/users\/1"}],"replies":[{"embeddable":true,"href":"https:\/\/www.alintech-cme.com\/es\/wp-json\/wp\/v2\/comments?post=2471"}],"version-history":[{"count":2,"href":"https:\/\/www.alintech-cme.com\/es\/wp-json\/wp\/v2\/pages\/2471\/revisions"}],"predecessor-version":[{"id":2473,"href":"https:\/\/www.alintech-cme.com\/es\/wp-json\/wp\/v2\/pages\/2471\/revisions\/2473"}],"wp:attachment":[{"href":"https:\/\/www.alintech-cme.com\/es\/wp-json\/wp\/v2\/media?parent=2471"}],"curies":[{"name":"wp","href":"https:\/\/api.w.org\/{rel}","templated":true}]}}