{"id":2233,"date":"2021-02-10T12:23:35","date_gmt":"2021-02-10T11:23:35","guid":{"rendered":"https:\/\/alintech-cme.com\/home\/"},"modified":"2021-02-15T16:41:31","modified_gmt":"2021-02-15T15:41:31","slug":"home","status":"publish","type":"page","link":"https:\/\/www.alintech-cme.com\/es\/","title":{"rendered":"Home"},"content":{"rendered":"[vc_row type=\u00bbfull_width_background\u00bb full_screen_row_position=\u00bbmiddle\u00bb column_margin=\u00bbdefault\u00bb column_direction=\u00bbdefault\u00bb column_direction_tablet=\u00bbdefault\u00bb column_direction_phone=\u00bbdefault\u00bb bg_color=\u00bb#2276d6&#8243; scene_position=\u00bbcenter\u00bb text_color=\u00bbdark\u00bb text_align=\u00bbleft\u00bb row_border_radius=\u00bbnone\u00bb row_border_radius_applies=\u00bbbg\u00bb overlay_strength=\u00bb0.3&#8243; gradient_direction=\u00bbleft_to_right\u00bb shape_divider_position=\u00bbbottom\u00bb bg_image_animation=\u00bbnone\u00bb shape_type=\u00bb\u00bb][vc_column column_padding=\u00bbno-extra-padding\u00bb column_padding_tablet=\u00bbinherit\u00bb column_padding_phone=\u00bbinherit\u00bb column_padding_position=\u00bball\u00bb background_color_opacity=\u00bb1&#8243; background_hover_color_opacity=\u00bb1&#8243; column_shadow=\u00bbnone\u00bb column_border_radius=\u00bbnone\u00bb column_link_target=\u00bb_self\u00bb gradient_direction=\u00bbleft_to_right\u00bb overlay_strength=\u00bb0.3&#8243; width=\u00bb1\/1&#8243; tablet_width_inherit=\u00bbdefault\u00bb tablet_text_alignment=\u00bbdefault\u00bb phone_text_alignment=\u00bbdefault\u00bb column_border_width=\u00bbnone\u00bb column_border_style=\u00bbsolid\u00bb bg_image_animation=\u00bbnone\u00bb][vc_column_text]\n\t\t\t\t<p class=\"rs-p-wp-fix\"><\/p>\n\t\t\t\t<sr7-module data-alias=\"ingresso-spagnolo\" data-id=\"6\" id=\"SR7_6_1\" data-version=\"6.7.51\">\n\t\t\t\t\t<sr7-adjuster><\/sr7-adjuster>\n\t\t\t\t\t<sr7-content>\n\t\t\t\t\t\t<sr7-slide id=\"SR7_6_1-4\" data-key=\"4\">\n\t\t\t\t\t\t\t<sr7-txt id=\"SR7_6_1-4-6\" class=\"sr7-layer\">Precisi\u00f3n mec\u00e1nica<\/sr7-txt>\n\t\t\t\t\t\t\t<sr7-txt id=\"SR7_6_1-4-7\" class=\"sr7-layer\">Motores electricos<\/sr7-txt>\n\t\t\t\t\t\t\t<sr7-txt id=\"SR7_6_1-4-8\" class=\"sr7-layer\">Peter Drucker<\/sr7-txt>\n\t\t\t\t\t\t\t<sr7-txt id=\"SR7_6_1-4-9\" class=\"sr7-layer\">\u201cDonde hay una empresa de \u00e9xito, alguien tom\u00f3 alguna vez una decision valiente.\u201d<\/sr7-txt>\n\t\t\t\t\t\t\t<sr7-txt id=\"SR7_6_1-4-11\" class=\"sr7-layer\">\u201cDonde hay una empresa de \u00e9xito, alguien tom\u00f3 alguna vez <br \/>\nuna decision valiente.\u201d<\/sr7-txt>\n\t\t\t\t\t\t<\/sr7-slide>\n\t\t\t\t\t\t<sr7-slide id=\"SR7_6_1-9\" data-key=\"9\">\n\t\t\t\t\t\t<\/sr7-slide>\n\t\t\t\t\t<\/sr7-content>\n\t\t\t\t<\/sr7-module>\n\t\t\t\t<script>\n\t\t\t\t\twindow.SR7 ??={};SR7.PMH ??={}; SR7.PMH[\"SR7_6_1\"] = {cn:100,state:false,fn: function() { if (window._tpt!==undefined && window._tpt.prepareModuleHeight !== undefined) {  _tpt.prepareModuleHeight({id:\"SR7_6_1\",el:[860,768,960,727.986],type:'hero',shdw:'0',gh:[860,768,960,728],gw:[1290,1024,778,480],vpt:['-200px'],size:{fullWidth:true, fullHeight:false},mh:'0',onh:0,onw:0,bg:{color:'transparent'},plType:'0',plColor:'#ffffff'});   SR7.PMH[\"SR7_6_1\"].state=true;} else if(SR7.PMH[\"SR7_6_1\"].cn-->0)\tsetTimeout( SR7.PMH[\"SR7_6_1\"].fn,19);}};SR7.PMH[\"SR7_6_1\" ].fn();\n\t\t\t\t<\/script>\n[\/vc_column_text][vc_row_inner column_margin=\u00bb20px\u00bb column_direction=\u00bbdefault\u00bb column_direction_tablet=\u00bbdefault\u00bb column_direction_phone=\u00bbdefault\u00bb text_align=\u00bbleft\u00bb][vc_column_inner column_padding=\u00bbno-extra-padding\u00bb column_padding_tablet=\u00bbinherit\u00bb column_padding_phone=\u00bbinherit\u00bb column_padding_position=\u00bball\u00bb background_color_opacity=\u00bb1&#8243; background_hover_color_opacity=\u00bb1&#8243; column_shadow=\u00bbnone\u00bb column_border_radius=\u00bbnone\u00bb column_link_target=\u00bb_self\u00bb gradient_direction=\u00bbleft_to_right\u00bb overlay_strength=\u00bb0.3&#8243; width=\u00bb1\/2&#8243; tablet_width_inherit=\u00bbdefault\u00bb column_border_width=\u00bbnone\u00bb column_border_style=\u00bbsolid\u00bb bg_image_animation=\u00bbnone\u00bb][nectar_video_lightbox link_style=\u00bbplay_button_mouse_follow\u00bb image_url=\u00bb1729&#8243; mouse_indicator_style=\u00bbdefault\u00bb video_url=\u00bbhttps:\/\/youtu.be\/OqJHa9yN7SI\u00bb][\/vc_column_inner][vc_column_inner column_padding=\u00bbno-extra-padding\u00bb column_padding_tablet=\u00bbinherit\u00bb column_padding_phone=\u00bbinherit\u00bb column_padding_position=\u00bball\u00bb background_color_opacity=\u00bb1&#8243; background_hover_color_opacity=\u00bb1&#8243; column_shadow=\u00bbnone\u00bb column_border_radius=\u00bbnone\u00bb column_link_target=\u00bb_self\u00bb gradient_direction=\u00bbleft_to_right\u00bb overlay_strength=\u00bb0.3&#8243; width=\u00bb1\/2&#8243; tablet_width_inherit=\u00bbdefault\u00bb column_border_width=\u00bbnone\u00bb column_border_style=\u00bbsolid\u00bb bg_image_animation=\u00bbnone\u00bb][nectar_video_lightbox link_style=\u00bbplay_button_mouse_follow\u00bb image_url=\u00bb1735&#8243; mouse_indicator_style=\u00bbdefault\u00bb video_url=\u00bbhttps:\/\/youtu.be\/Jv2fiEUI4-U\u00bb][\/vc_column_inner][\/vc_row_inner][\/vc_column][\/vc_row]\n","protected":false},"excerpt":{"rendered":"<p>[vc_row type=\u00bbfull_width_background\u00bb full_screen_row_position=\u00bbmiddle\u00bb column_margin=\u00bbdefault\u00bb column_direction=\u00bbdefault\u00bb column_direction_tablet=\u00bbdefault\u00bb column_direction_phone=\u00bbdefault\u00bb bg_color=\u00bb#2276d6&#8243; scene_position=\u00bbcenter\u00bb text_color=\u00bbdark\u00bb text_align=\u00bbleft\u00bb row_border_radius=\u00bbnone\u00bb row_border_radius_applies=\u00bbbg\u00bb overlay_strength=\u00bb0.3&#8243; gradient_direction=\u00bbleft_to_right\u00bb shape_divider_position=\u00bbbottom\u00bb bg_image_animation=\u00bbnone\u00bb shape_type=\u00bb\u00bb][vc_column column_padding=\u00bbno-extra-padding\u00bb column_padding_tablet=\u00bbinherit\u00bb column_padding_phone=\u00bbinherit\u00bb column_padding_position=\u00bball\u00bb background_color_opacity=\u00bb1&#8243; background_hover_color_opacity=\u00bb1&#8243; column_shadow=\u00bbnone\u00bb column_border_radius=\u00bbnone\u00bb column_link_target=\u00bb_self\u00bb gradient_direction=\u00bbleft_to_right\u00bb overlay_strength=\u00bb0.3&#8243; width=\u00bb1\/1&#8243;&#8230;<\/p>\n","protected":false},"author":2,"featured_media":0,"parent":0,"menu_order":0,"comment_status":"closed","ping_status":"closed","template":"","meta":{"footnotes":""},"class_list":["post-2233","page","type-page","status-publish"],"yoast_head":"<!-- This site is optimized with the Yoast SEO plugin v27.2 - https:\/\/yoast.com\/product\/yoast-seo-wordpress\/ -->\n<title>Home - ALINTECH - CME<\/title>\n<meta name=\"description\" content=\"Nuestra misi\u00f3n es ofrecer trabajos de mec\u00e1nica de alta precisi\u00f3n, as\u00ed como motores el\u00e9ctricos de peque\u00f1a a mediana dimensi\u00f3n para cada tipo de aplicaci\u00f3n, productos \u00fanicos que generan un continuo crecimiento de la propia empresa y de la calidad de vida.\" \/>\n<meta name=\"robots\" content=\"index, follow, max-snippet:-1, max-image-preview:large, max-video-preview:-1\" \/>\n<link rel=\"canonical\" href=\"https:\/\/www.alintech-cme.com\/es\/\" \/>\n<meta property=\"og:locale\" content=\"es_ES\" \/>\n<meta property=\"og:type\" content=\"article\" \/>\n<meta property=\"og:title\" content=\"Home - ALINTECH - CME\" \/>\n<meta property=\"og:description\" content=\"Nuestra misi\u00f3n es ofrecer trabajos de mec\u00e1nica de alta precisi\u00f3n, as\u00ed como motores el\u00e9ctricos de peque\u00f1a a mediana dimensi\u00f3n para cada tipo de aplicaci\u00f3n, productos \u00fanicos que generan un continuo crecimiento de la propia empresa y de la calidad de vida.\" \/>\n<meta property=\"og:url\" content=\"https:\/\/www.alintech-cme.com\/es\/\" \/>\n<meta property=\"og:site_name\" content=\"ALINTECH - CME\" \/>\n<meta property=\"article:modified_time\" content=\"2021-02-15T15:41:31+00:00\" \/>\n<meta name=\"twitter:card\" content=\"summary_large_image\" \/>\n<meta name=\"twitter:label1\" content=\"Tiempo de lectura\" \/>\n\t<meta name=\"twitter:data1\" content=\"1 minuto\" \/>\n<script type=\"application\/ld+json\" class=\"yoast-schema-graph\">{\"@context\":\"https:\/\/schema.org\",\"@graph\":[{\"@type\":\"WebPage\",\"@id\":\"https:\/\/www.alintech-cme.com\/es\/\",\"url\":\"https:\/\/www.alintech-cme.com\/es\/\",\"name\":\"Home - ALINTECH - CME\",\"isPartOf\":{\"@id\":\"https:\/\/www.alintech-cme.com\/es\/#website\"},\"datePublished\":\"2021-02-10T11:23:35+00:00\",\"dateModified\":\"2021-02-15T15:41:31+00:00\",\"description\":\"Nuestra misi\u00f3n es ofrecer trabajos de mec\u00e1nica de alta precisi\u00f3n, as\u00ed como motores el\u00e9ctricos de peque\u00f1a a mediana dimensi\u00f3n para cada tipo de aplicaci\u00f3n, productos \u00fanicos que generan un continuo crecimiento de la propia empresa y de la calidad de vida.\",\"breadcrumb\":{\"@id\":\"https:\/\/www.alintech-cme.com\/es\/#breadcrumb\"},\"inLanguage\":\"es\",\"potentialAction\":[{\"@type\":\"ReadAction\",\"target\":[\"https:\/\/www.alintech-cme.com\/es\/\"]}]},{\"@type\":\"BreadcrumbList\",\"@id\":\"https:\/\/www.alintech-cme.com\/es\/#breadcrumb\",\"itemListElement\":[{\"@type\":\"ListItem\",\"position\":1,\"name\":\"Home\",\"item\":\"https:\/\/www.alintech-cme.com\/es\/\"},{\"@type\":\"ListItem\",\"position\":2,\"name\":\"Home\"}]},{\"@type\":\"WebSite\",\"@id\":\"https:\/\/www.alintech-cme.com\/es\/#website\",\"url\":\"https:\/\/www.alintech-cme.com\/es\/\",\"name\":\"ALINTECH - CME\",\"description\":\"ALINTECH - lavorazioni meccaniche di precisione | CME - alberi per motori elettrici\",\"publisher\":{\"@id\":\"https:\/\/www.alintech-cme.com\/es\/#organization\"},\"potentialAction\":[{\"@type\":\"SearchAction\",\"target\":{\"@type\":\"EntryPoint\",\"urlTemplate\":\"https:\/\/www.alintech-cme.com\/es\/?s={search_term_string}\"},\"query-input\":{\"@type\":\"PropertyValueSpecification\",\"valueRequired\":true,\"valueName\":\"search_term_string\"}}],\"inLanguage\":\"es\"},{\"@type\":\"Organization\",\"@id\":\"https:\/\/www.alintech-cme.com\/es\/#organization\",\"name\":\"ALINTECH CME\",\"url\":\"https:\/\/www.alintech-cme.com\/es\/\",\"logo\":{\"@type\":\"ImageObject\",\"inLanguage\":\"es\",\"@id\":\"https:\/\/www.alintech-cme.com\/es\/#\/schema\/logo\/image\/\",\"url\":\"https:\/\/alintech-cme.com\/wp-content\/uploads\/2020\/04\/Alintech-CME_logo_payoff.png\",\"contentUrl\":\"https:\/\/alintech-cme.com\/wp-content\/uploads\/2020\/04\/Alintech-CME_logo_payoff.png\",\"width\":200,\"height\":150,\"caption\":\"ALINTECH CME\"},\"image\":{\"@id\":\"https:\/\/www.alintech-cme.com\/es\/#\/schema\/logo\/image\/\"},\"sameAs\":[\"https:\/\/www.linkedin.com\/company\/alintechcmesrl\/\"]}]}<\/script>\n<!-- \/ Yoast SEO plugin. -->","yoast_head_json":{"title":"Home - ALINTECH - CME","description":"Nuestra misi\u00f3n es ofrecer trabajos de mec\u00e1nica de alta precisi\u00f3n, as\u00ed como motores el\u00e9ctricos de peque\u00f1a a mediana dimensi\u00f3n para cada tipo de aplicaci\u00f3n, productos \u00fanicos que generan un continuo crecimiento de la propia empresa y de la calidad de vida.","robots":{"index":"index","follow":"follow","max-snippet":"max-snippet:-1","max-image-preview":"max-image-preview:large","max-video-preview":"max-video-preview:-1"},"canonical":"https:\/\/www.alintech-cme.com\/es\/","og_locale":"es_ES","og_type":"article","og_title":"Home - ALINTECH - CME","og_description":"Nuestra misi\u00f3n es ofrecer trabajos de mec\u00e1nica de alta precisi\u00f3n, as\u00ed como motores el\u00e9ctricos de peque\u00f1a a mediana dimensi\u00f3n para cada tipo de aplicaci\u00f3n, productos \u00fanicos que generan un continuo crecimiento de la propia empresa y de la calidad de vida.","og_url":"https:\/\/www.alintech-cme.com\/es\/","og_site_name":"ALINTECH - CME","article_modified_time":"2021-02-15T15:41:31+00:00","twitter_card":"summary_large_image","twitter_misc":{"Tiempo de lectura":"1 minuto"},"schema":{"@context":"https:\/\/schema.org","@graph":[{"@type":"WebPage","@id":"https:\/\/www.alintech-cme.com\/es\/","url":"https:\/\/www.alintech-cme.com\/es\/","name":"Home - ALINTECH - CME","isPartOf":{"@id":"https:\/\/www.alintech-cme.com\/es\/#website"},"datePublished":"2021-02-10T11:23:35+00:00","dateModified":"2021-02-15T15:41:31+00:00","description":"Nuestra misi\u00f3n es ofrecer trabajos de mec\u00e1nica de alta precisi\u00f3n, as\u00ed como motores el\u00e9ctricos de peque\u00f1a a mediana dimensi\u00f3n para cada tipo de aplicaci\u00f3n, productos \u00fanicos que generan un continuo crecimiento de la propia empresa y de la calidad de vida.","breadcrumb":{"@id":"https:\/\/www.alintech-cme.com\/es\/#breadcrumb"},"inLanguage":"es","potentialAction":[{"@type":"ReadAction","target":["https:\/\/www.alintech-cme.com\/es\/"]}]},{"@type":"BreadcrumbList","@id":"https:\/\/www.alintech-cme.com\/es\/#breadcrumb","itemListElement":[{"@type":"ListItem","position":1,"name":"Home","item":"https:\/\/www.alintech-cme.com\/es\/"},{"@type":"ListItem","position":2,"name":"Home"}]},{"@type":"WebSite","@id":"https:\/\/www.alintech-cme.com\/es\/#website","url":"https:\/\/www.alintech-cme.com\/es\/","name":"ALINTECH - CME","description":"ALINTECH - lavorazioni meccaniche di precisione | CME - alberi per motori elettrici","publisher":{"@id":"https:\/\/www.alintech-cme.com\/es\/#organization"},"potentialAction":[{"@type":"SearchAction","target":{"@type":"EntryPoint","urlTemplate":"https:\/\/www.alintech-cme.com\/es\/?s={search_term_string}"},"query-input":{"@type":"PropertyValueSpecification","valueRequired":true,"valueName":"search_term_string"}}],"inLanguage":"es"},{"@type":"Organization","@id":"https:\/\/www.alintech-cme.com\/es\/#organization","name":"ALINTECH CME","url":"https:\/\/www.alintech-cme.com\/es\/","logo":{"@type":"ImageObject","inLanguage":"es","@id":"https:\/\/www.alintech-cme.com\/es\/#\/schema\/logo\/image\/","url":"https:\/\/alintech-cme.com\/wp-content\/uploads\/2020\/04\/Alintech-CME_logo_payoff.png","contentUrl":"https:\/\/alintech-cme.com\/wp-content\/uploads\/2020\/04\/Alintech-CME_logo_payoff.png","width":200,"height":150,"caption":"ALINTECH CME"},"image":{"@id":"https:\/\/www.alintech-cme.com\/es\/#\/schema\/logo\/image\/"},"sameAs":["https:\/\/www.linkedin.com\/company\/alintechcmesrl\/"]}]}},"_links":{"self":[{"href":"https:\/\/www.alintech-cme.com\/es\/wp-json\/wp\/v2\/pages\/2233","targetHints":{"allow":["GET"]}}],"collection":[{"href":"https:\/\/www.alintech-cme.com\/es\/wp-json\/wp\/v2\/pages"}],"about":[{"href":"https:\/\/www.alintech-cme.com\/es\/wp-json\/wp\/v2\/types\/page"}],"author":[{"embeddable":true,"href":"https:\/\/www.alintech-cme.com\/es\/wp-json\/wp\/v2\/users\/2"}],"replies":[{"embeddable":true,"href":"https:\/\/www.alintech-cme.com\/es\/wp-json\/wp\/v2\/comments?post=2233"}],"version-history":[{"count":2,"href":"https:\/\/www.alintech-cme.com\/es\/wp-json\/wp\/v2\/pages\/2233\/revisions"}],"predecessor-version":[{"id":2557,"href":"https:\/\/www.alintech-cme.com\/es\/wp-json\/wp\/v2\/pages\/2233\/revisions\/2557"}],"wp:attachment":[{"href":"https:\/\/www.alintech-cme.com\/es\/wp-json\/wp\/v2\/media?parent=2233"}],"curies":[{"name":"wp","href":"https:\/\/api.w.org\/{rel}","templated":true}]}}