{"id":2703,"date":"2021-04-15T17:01:58","date_gmt":"2021-04-15T15:01:58","guid":{"rendered":"https:\/\/alintech-cme.com\/home\/"},"modified":"2021-04-27T10:06:41","modified_gmt":"2021-04-27T08:06:41","slug":"home","status":"publish","type":"page","link":"https:\/\/www.alintech-cme.com\/de\/","title":{"rendered":"Home"},"content":{"rendered":"[vc_row type=&#8220;full_width_background&#8220; full_screen_row_position=&#8220;middle&#8220; column_margin=&#8220;default&#8220; column_direction=&#8220;default&#8220; column_direction_tablet=&#8220;default&#8220; column_direction_phone=&#8220;default&#8220; bg_color=&#8220;#2276d6&#8243; scene_position=&#8220;center&#8220; text_color=&#8220;dark&#8220; text_align=&#8220;left&#8220; row_border_radius=&#8220;none&#8220; row_border_radius_applies=&#8220;bg&#8220; overlay_strength=&#8220;0.3&#8243; gradient_direction=&#8220;left_to_right&#8220; shape_divider_position=&#8220;bottom&#8220; bg_image_animation=&#8220;none&#8220; shape_type=&#8220;&#8220;][vc_column column_padding=&#8220;no-extra-padding&#8220; column_padding_tablet=&#8220;inherit&#8220; column_padding_phone=&#8220;inherit&#8220; column_padding_position=&#8220;all&#8220; column_element_spacing=&#8220;default&#8220; background_color_opacity=&#8220;1&#8243; background_hover_color_opacity=&#8220;1&#8243; column_shadow=&#8220;none&#8220; column_border_radius=&#8220;none&#8220; column_link_target=&#8220;_self&#8220; gradient_direction=&#8220;left_to_right&#8220; overlay_strength=&#8220;0.3&#8243; width=&#8220;1\/1&#8243; tablet_width_inherit=&#8220;default&#8220; tablet_text_alignment=&#8220;default&#8220; phone_text_alignment=&#8220;default&#8220; bg_image_animation=&#8220;none&#8220; border_type=&#8220;simple&#8220; column_border_width=&#8220;none&#8220; column_border_style=&#8220;solid&#8220;][vc_column_text]\n\t\t\t\t<p class=\"rs-p-wp-fix\"><\/p>\n\t\t\t\t<sr7-module data-alias=\"ingresso-1\" data-id=\"7\" id=\"SR7_7_1\" data-version=\"6.7.51\">\n\t\t\t\t\t<sr7-adjuster><\/sr7-adjuster>\n\t\t\t\t\t<sr7-content>\n\t\t\t\t\t\t<sr7-slide id=\"SR7_7_1-5\" data-key=\"5\">\n\t\t\t\t\t\t\t<sr7-txt id=\"SR7_7_1-5-6\" class=\"sr7-layer\">Pr\u00e4zisionsmechanik<\/sr7-txt>\n\t\t\t\t\t\t\t<sr7-txt id=\"SR7_7_1-5-7\" class=\"sr7-layer\">Elektromotoren<\/sr7-txt>\n\t\t\t\t\t\t\t<sr7-txt id=\"SR7_7_1-5-8\" class=\"sr7-layer\">Peter Drucker<\/sr7-txt>\n\t\t\t\t\t\t\t<sr7-txt id=\"SR7_7_1-5-9\" class=\"sr7-layer\">\"Hinter jedem Erfolg steckt jemand, <br \/>\nder eine mutige Entscheidung getroffen hat\"<\/sr7-txt>\n\t\t\t\t\t\t\t<sr7-txt id=\"SR7_7_1-5-11\" class=\"sr7-layer\">\"Hinter jedem Erfolg steckt jemand, <br \/>\nder eine mutige Entscheidung getroffen hat\"<\/sr7-txt>\n\t\t\t\t\t\t<\/sr7-slide>\n\t\t\t\t\t\t<sr7-slide id=\"SR7_7_1-10\" data-key=\"10\">\n\t\t\t\t\t\t<\/sr7-slide>\n\t\t\t\t\t<\/sr7-content>\n\t\t\t\t<\/sr7-module>\n\t\t\t\t<script>\n\t\t\t\t\twindow.SR7 ??={};SR7.PMH ??={}; SR7.PMH[\"SR7_7_1\"] = {cn:100,state:false,fn: function() { if (window._tpt!==undefined && window._tpt.prepareModuleHeight !== undefined) {  _tpt.prepareModuleHeight({id:\"SR7_7_1\",el:[860,768,960,727.986],type:'hero',shdw:'0',gh:[860,768,960,728],gw:[1290,1024,778,480],vpt:['-200px'],size:{fullWidth:true, fullHeight:false},mh:'0',onh:0,onw:0,bg:{color:'transparent'},plType:'0',plColor:'#ffffff'});   SR7.PMH[\"SR7_7_1\"].state=true;} else if(SR7.PMH[\"SR7_7_1\"].cn-->0)\tsetTimeout( SR7.PMH[\"SR7_7_1\"].fn,19);}};SR7.PMH[\"SR7_7_1\" ].fn();\n\t\t\t\t<\/script>\n[\/vc_column_text][vc_row_inner column_margin=&#8220;20px&#8220; column_direction=&#8220;default&#8220; column_direction_tablet=&#8220;default&#8220; column_direction_phone=&#8220;default&#8220; text_align=&#8220;left&#8220;][vc_column_inner column_padding=&#8220;no-extra-padding&#8220; column_padding_tablet=&#8220;inherit&#8220; column_padding_phone=&#8220;inherit&#8220; column_padding_position=&#8220;all&#8220; column_element_spacing=&#8220;default&#8220; background_color_opacity=&#8220;1&#8243; background_hover_color_opacity=&#8220;1&#8243; column_shadow=&#8220;none&#8220; column_border_radius=&#8220;none&#8220; column_link_target=&#8220;_self&#8220; gradient_direction=&#8220;left_to_right&#8220; overlay_strength=&#8220;0.3&#8243; width=&#8220;1\/2&#8243; tablet_width_inherit=&#8220;default&#8220; bg_image_animation=&#8220;none&#8220; border_type=&#8220;simple&#8220; column_border_width=&#8220;none&#8220; column_border_style=&#8220;solid&#8220;][nectar_video_lightbox link_style=&#8220;play_button_mouse_follow&#8220; image_url=&#8220;1729&#8243; mouse_indicator_style=&#8220;default&#8220; video_url=&#8220;https:\/\/youtu.be\/OqJHa9yN7SI&#8220;][\/vc_column_inner][vc_column_inner column_padding=&#8220;no-extra-padding&#8220; column_padding_tablet=&#8220;inherit&#8220; column_padding_phone=&#8220;inherit&#8220; column_padding_position=&#8220;all&#8220; column_element_spacing=&#8220;default&#8220; background_color_opacity=&#8220;1&#8243; background_hover_color_opacity=&#8220;1&#8243; column_shadow=&#8220;none&#8220; column_border_radius=&#8220;none&#8220; column_link_target=&#8220;_self&#8220; gradient_direction=&#8220;left_to_right&#8220; overlay_strength=&#8220;0.3&#8243; width=&#8220;1\/2&#8243; tablet_width_inherit=&#8220;default&#8220; bg_image_animation=&#8220;none&#8220; border_type=&#8220;simple&#8220; column_border_width=&#8220;none&#8220; column_border_style=&#8220;solid&#8220;][nectar_video_lightbox link_style=&#8220;play_button_mouse_follow&#8220; image_url=&#8220;1735&#8243; mouse_indicator_style=&#8220;default&#8220; video_url=&#8220;https:\/\/youtu.be\/Jv2fiEUI4-U&#8220;][\/vc_column_inner][\/vc_row_inner][\/vc_column][\/vc_row]\n","protected":false},"excerpt":{"rendered":"<p>[vc_row type=&#8220;full_width_background&#8220; full_screen_row_position=&#8220;middle&#8220; column_margin=&#8220;default&#8220; column_direction=&#8220;default&#8220; column_direction_tablet=&#8220;default&#8220; column_direction_phone=&#8220;default&#8220; bg_color=&#8220;#2276d6&#8243; scene_position=&#8220;center&#8220; text_color=&#8220;dark&#8220; text_align=&#8220;left&#8220; row_border_radius=&#8220;none&#8220; row_border_radius_applies=&#8220;bg&#8220; overlay_strength=&#8220;0.3&#8243; gradient_direction=&#8220;left_to_right&#8220; shape_divider_position=&#8220;bottom&#8220; bg_image_animation=&#8220;none&#8220; shape_type=&#8220;&#8220;][vc_column column_padding=&#8220;no-extra-padding&#8220; column_padding_tablet=&#8220;inherit&#8220; column_padding_phone=&#8220;inherit&#8220; column_padding_position=&#8220;all&#8220; column_element_spacing=&#8220;default&#8220; background_color_opacity=&#8220;1&#8243; background_hover_color_opacity=&#8220;1&#8243; column_shadow=&#8220;none&#8220; column_border_radius=&#8220;none&#8220; column_link_target=&#8220;_self&#8220; gradient_direction=&#8220;left_to_right&#8220; overlay_strength=&#8220;0.3&#8243;&#8230;<\/p>\n","protected":false},"author":2,"featured_media":0,"parent":0,"menu_order":0,"comment_status":"closed","ping_status":"closed","template":"","meta":{"footnotes":""},"class_list":["post-2703","page","type-page","status-publish"],"yoast_head":"<!-- This site is optimized with the Yoast SEO plugin v27.2 - https:\/\/yoast.com\/product\/yoast-seo-wordpress\/ -->\n<title>Home - ALINTECH - CME<\/title>\n<meta name=\"description\" content=\"Unsere Mission ist es, hochpr\u00e4zise mechanische Bearbeitung sowie kleine bis mittelgro\u00dfe Elektromotoren f\u00fcr jede Art von Anwendung anzubieten, einzigartige Produkte, die ein kontinuierliches Wachstum des Unternehmens selbst und der Lebensqualit\u00e4t bewirken.\" \/>\n<meta name=\"robots\" content=\"index, follow, max-snippet:-1, max-image-preview:large, max-video-preview:-1\" \/>\n<link rel=\"canonical\" href=\"https:\/\/www.alintech-cme.com\/de\/\" \/>\n<meta property=\"og:locale\" content=\"de_DE\" \/>\n<meta property=\"og:type\" content=\"article\" \/>\n<meta property=\"og:title\" content=\"Home - ALINTECH - CME\" \/>\n<meta property=\"og:description\" content=\"Unsere Mission ist es, hochpr\u00e4zise mechanische Bearbeitung sowie kleine bis mittelgro\u00dfe Elektromotoren f\u00fcr jede Art von Anwendung anzubieten, einzigartige Produkte, die ein kontinuierliches Wachstum des Unternehmens selbst und der Lebensqualit\u00e4t bewirken.\" \/>\n<meta property=\"og:url\" content=\"https:\/\/www.alintech-cme.com\/de\/\" \/>\n<meta property=\"og:site_name\" content=\"ALINTECH - CME\" \/>\n<meta property=\"article:modified_time\" content=\"2021-04-27T08:06:41+00:00\" \/>\n<meta name=\"twitter:card\" content=\"summary_large_image\" \/>\n<meta name=\"twitter:label1\" content=\"Gesch\u00e4tzte Lesezeit\" \/>\n\t<meta name=\"twitter:data1\" content=\"1\u00a0Minute\" \/>\n<script type=\"application\/ld+json\" class=\"yoast-schema-graph\">{\"@context\":\"https:\/\/schema.org\",\"@graph\":[{\"@type\":\"WebPage\",\"@id\":\"https:\/\/www.alintech-cme.com\/de\/\",\"url\":\"https:\/\/www.alintech-cme.com\/de\/\",\"name\":\"Home - ALINTECH - CME\",\"isPartOf\":{\"@id\":\"https:\/\/www.alintech-cme.com\/de\/#website\"},\"datePublished\":\"2021-04-15T15:01:58+00:00\",\"dateModified\":\"2021-04-27T08:06:41+00:00\",\"description\":\"Unsere Mission ist es, hochpr\u00e4zise mechanische Bearbeitung sowie kleine bis mittelgro\u00dfe Elektromotoren f\u00fcr jede Art von Anwendung anzubieten, einzigartige Produkte, die ein kontinuierliches Wachstum des Unternehmens selbst und der Lebensqualit\u00e4t bewirken.\",\"breadcrumb\":{\"@id\":\"https:\/\/www.alintech-cme.com\/de\/#breadcrumb\"},\"inLanguage\":\"de\",\"potentialAction\":[{\"@type\":\"ReadAction\",\"target\":[\"https:\/\/www.alintech-cme.com\/de\/\"]}]},{\"@type\":\"BreadcrumbList\",\"@id\":\"https:\/\/www.alintech-cme.com\/de\/#breadcrumb\",\"itemListElement\":[{\"@type\":\"ListItem\",\"position\":1,\"name\":\"Home\",\"item\":\"https:\/\/www.alintech-cme.com\/de\/\"},{\"@type\":\"ListItem\",\"position\":2,\"name\":\"Home\"}]},{\"@type\":\"WebSite\",\"@id\":\"https:\/\/www.alintech-cme.com\/de\/#website\",\"url\":\"https:\/\/www.alintech-cme.com\/de\/\",\"name\":\"ALINTECH - CME\",\"description\":\"ALINTECH - lavorazioni meccaniche di precisione | CME - alberi per motori elettrici\",\"publisher\":{\"@id\":\"https:\/\/www.alintech-cme.com\/de\/#organization\"},\"potentialAction\":[{\"@type\":\"SearchAction\",\"target\":{\"@type\":\"EntryPoint\",\"urlTemplate\":\"https:\/\/www.alintech-cme.com\/de\/?s={search_term_string}\"},\"query-input\":{\"@type\":\"PropertyValueSpecification\",\"valueRequired\":true,\"valueName\":\"search_term_string\"}}],\"inLanguage\":\"de\"},{\"@type\":\"Organization\",\"@id\":\"https:\/\/www.alintech-cme.com\/de\/#organization\",\"name\":\"ALINTECH CME\",\"url\":\"https:\/\/www.alintech-cme.com\/de\/\",\"logo\":{\"@type\":\"ImageObject\",\"inLanguage\":\"de\",\"@id\":\"https:\/\/www.alintech-cme.com\/de\/#\/schema\/logo\/image\/\",\"url\":\"https:\/\/alintech-cme.com\/wp-content\/uploads\/2020\/04\/Alintech-CME_logo_payoff.png\",\"contentUrl\":\"https:\/\/alintech-cme.com\/wp-content\/uploads\/2020\/04\/Alintech-CME_logo_payoff.png\",\"width\":200,\"height\":150,\"caption\":\"ALINTECH CME\"},\"image\":{\"@id\":\"https:\/\/www.alintech-cme.com\/de\/#\/schema\/logo\/image\/\"},\"sameAs\":[\"https:\/\/www.linkedin.com\/company\/alintechcmesrl\/\"]}]}<\/script>\n<!-- \/ Yoast SEO plugin. -->","yoast_head_json":{"title":"Home - ALINTECH - CME","description":"Unsere Mission ist es, hochpr\u00e4zise mechanische Bearbeitung sowie kleine bis mittelgro\u00dfe Elektromotoren f\u00fcr jede Art von Anwendung anzubieten, einzigartige Produkte, die ein kontinuierliches Wachstum des Unternehmens selbst und der Lebensqualit\u00e4t bewirken.","robots":{"index":"index","follow":"follow","max-snippet":"max-snippet:-1","max-image-preview":"max-image-preview:large","max-video-preview":"max-video-preview:-1"},"canonical":"https:\/\/www.alintech-cme.com\/de\/","og_locale":"de_DE","og_type":"article","og_title":"Home - ALINTECH - CME","og_description":"Unsere Mission ist es, hochpr\u00e4zise mechanische Bearbeitung sowie kleine bis mittelgro\u00dfe Elektromotoren f\u00fcr jede Art von Anwendung anzubieten, einzigartige Produkte, die ein kontinuierliches Wachstum des Unternehmens selbst und der Lebensqualit\u00e4t bewirken.","og_url":"https:\/\/www.alintech-cme.com\/de\/","og_site_name":"ALINTECH - CME","article_modified_time":"2021-04-27T08:06:41+00:00","twitter_card":"summary_large_image","twitter_misc":{"Gesch\u00e4tzte Lesezeit":"1\u00a0Minute"},"schema":{"@context":"https:\/\/schema.org","@graph":[{"@type":"WebPage","@id":"https:\/\/www.alintech-cme.com\/de\/","url":"https:\/\/www.alintech-cme.com\/de\/","name":"Home - ALINTECH - CME","isPartOf":{"@id":"https:\/\/www.alintech-cme.com\/de\/#website"},"datePublished":"2021-04-15T15:01:58+00:00","dateModified":"2021-04-27T08:06:41+00:00","description":"Unsere Mission ist es, hochpr\u00e4zise mechanische Bearbeitung sowie kleine bis mittelgro\u00dfe Elektromotoren f\u00fcr jede Art von Anwendung anzubieten, einzigartige Produkte, die ein kontinuierliches Wachstum des Unternehmens selbst und der Lebensqualit\u00e4t bewirken.","breadcrumb":{"@id":"https:\/\/www.alintech-cme.com\/de\/#breadcrumb"},"inLanguage":"de","potentialAction":[{"@type":"ReadAction","target":["https:\/\/www.alintech-cme.com\/de\/"]}]},{"@type":"BreadcrumbList","@id":"https:\/\/www.alintech-cme.com\/de\/#breadcrumb","itemListElement":[{"@type":"ListItem","position":1,"name":"Home","item":"https:\/\/www.alintech-cme.com\/de\/"},{"@type":"ListItem","position":2,"name":"Home"}]},{"@type":"WebSite","@id":"https:\/\/www.alintech-cme.com\/de\/#website","url":"https:\/\/www.alintech-cme.com\/de\/","name":"ALINTECH - CME","description":"ALINTECH - lavorazioni meccaniche di precisione | CME - alberi per motori elettrici","publisher":{"@id":"https:\/\/www.alintech-cme.com\/de\/#organization"},"potentialAction":[{"@type":"SearchAction","target":{"@type":"EntryPoint","urlTemplate":"https:\/\/www.alintech-cme.com\/de\/?s={search_term_string}"},"query-input":{"@type":"PropertyValueSpecification","valueRequired":true,"valueName":"search_term_string"}}],"inLanguage":"de"},{"@type":"Organization","@id":"https:\/\/www.alintech-cme.com\/de\/#organization","name":"ALINTECH CME","url":"https:\/\/www.alintech-cme.com\/de\/","logo":{"@type":"ImageObject","inLanguage":"de","@id":"https:\/\/www.alintech-cme.com\/de\/#\/schema\/logo\/image\/","url":"https:\/\/alintech-cme.com\/wp-content\/uploads\/2020\/04\/Alintech-CME_logo_payoff.png","contentUrl":"https:\/\/alintech-cme.com\/wp-content\/uploads\/2020\/04\/Alintech-CME_logo_payoff.png","width":200,"height":150,"caption":"ALINTECH CME"},"image":{"@id":"https:\/\/www.alintech-cme.com\/de\/#\/schema\/logo\/image\/"},"sameAs":["https:\/\/www.linkedin.com\/company\/alintechcmesrl\/"]}]}},"_links":{"self":[{"href":"https:\/\/www.alintech-cme.com\/de\/wp-json\/wp\/v2\/pages\/2703","targetHints":{"allow":["GET"]}}],"collection":[{"href":"https:\/\/www.alintech-cme.com\/de\/wp-json\/wp\/v2\/pages"}],"about":[{"href":"https:\/\/www.alintech-cme.com\/de\/wp-json\/wp\/v2\/types\/page"}],"author":[{"embeddable":true,"href":"https:\/\/www.alintech-cme.com\/de\/wp-json\/wp\/v2\/users\/2"}],"replies":[{"embeddable":true,"href":"https:\/\/www.alintech-cme.com\/de\/wp-json\/wp\/v2\/comments?post=2703"}],"version-history":[{"count":2,"href":"https:\/\/www.alintech-cme.com\/de\/wp-json\/wp\/v2\/pages\/2703\/revisions"}],"predecessor-version":[{"id":2964,"href":"https:\/\/www.alintech-cme.com\/de\/wp-json\/wp\/v2\/pages\/2703\/revisions\/2964"}],"wp:attachment":[{"href":"https:\/\/www.alintech-cme.com\/de\/wp-json\/wp\/v2\/media?parent=2703"}],"curies":[{"name":"wp","href":"https:\/\/api.w.org\/{rel}","templated":true}]}}